{"id":122017,"date":"2024-08-22T01:02:55","date_gmt":"2024-08-22T04:02:55","guid":{"rendered":"https:\/\/www.pimentacultural.com\/livro\/movimentos-sociais\/"},"modified":"2024-08-22T01:02:55","modified_gmt":"2024-08-22T04:02:55","slug":"movimentos-sociais","status":"publish","type":"product","link":"https:\/\/www.pimentacultural.com\/en\/livro\/movimentos-sociais\/","title":{"rendered":"Movimentos sociais e educa\u00e7\u00e3o jur\u00eddica popular"},"content":{"rendered":"","protected":false},"excerpt":{"rendered":"","protected":false},"featured_media":42851,"template":"","meta":[],"product_brand":[],"product_cat":[831,827,830],"product_tag":[],"class_list":{"0":"post-122017","1":"product","2":"type-product","3":"status-publish","4":"has-post-thumbnail","6":"product_cat-antropologia-en","7":"product_cat-historia-en","8":"product_cat-sociologia-en","10":"first","11":"instock","12":"shipping-taxable","13":"product-type-simple"},"_links":{"self":[{"href":"https:\/\/www.pimentacultural.com\/en\/wp-json\/wp\/v2\/product\/122017","targetHints":{"allow":["GET"]}}],"collection":[{"href":"https:\/\/www.pimentacultural.com\/en\/wp-json\/wp\/v2\/product"}],"about":[{"href":"https:\/\/www.pimentacultural.com\/en\/wp-json\/wp\/v2\/types\/product"}],"version-history":[{"count":0,"href":"https:\/\/www.pimentacultural.com\/en\/wp-json\/wp\/v2\/product\/122017\/revisions"}],"wp:featuredmedia":[{"embeddable":true,"href":"https:\/\/www.pimentacultural.com\/en\/wp-json\/wp\/v2\/media\/42851"}],"wp:attachment":[{"href":"https:\/\/www.pimentacultural.com\/en\/wp-json\/wp\/v2\/media?parent=122017"}],"wp:term":[{"taxonomy":"product_brand","embeddable":true,"href":"https:\/\/www.pimentacultural.com\/en\/wp-json\/wp\/v2\/product_brand?post=122017"},{"taxonomy":"product_cat","embeddable":true,"href":"https:\/\/www.pimentacultural.com\/en\/wp-json\/wp\/v2\/product_cat?post=122017"},{"taxonomy":"product_tag","embeddable":true,"href":"https:\/\/www.pimentacultural.com\/en\/wp-json\/wp\/v2\/product_tag?post=122017"}],"curies":[{"name":"wp","href":"https:\/\/api.w.org\/{rel}","templated":true}]}}