{"id":122008,"date":"2024-08-22T01:01:16","date_gmt":"2024-08-22T04:01:16","guid":{"rendered":"https:\/\/www.pimentacultural.com\/livro\/aptidao-fisica-saude-vol1\/"},"modified":"2024-08-22T01:01:16","modified_gmt":"2024-08-22T04:01:16","slug":"aptidao-fisica-saude-vol1","status":"publish","type":"product","link":"https:\/\/www.pimentacultural.com\/en\/livro\/aptidao-fisica-saude-vol1\/","title":{"rendered":"Aptid\u00e3o f\u00edsica e sa\u00fade: Educa\u00e7\u00e3o F\u00edsica, Sa\u00fade e Obesidade"},"content":{"rendered":"","protected":false},"excerpt":{"rendered":"","protected":false},"featured_media":42891,"template":"","meta":[],"product_brand":[],"product_cat":[857],"product_tag":[],"class_list":{"0":"post-122008","1":"product","2":"type-product","3":"status-publish","4":"has-post-thumbnail","6":"product_cat-educacao-fisica-en","8":"first","9":"instock","10":"shipping-taxable","11":"product-type-simple"},"_links":{"self":[{"href":"https:\/\/www.pimentacultural.com\/en\/wp-json\/wp\/v2\/product\/122008","targetHints":{"allow":["GET"]}}],"collection":[{"href":"https:\/\/www.pimentacultural.com\/en\/wp-json\/wp\/v2\/product"}],"about":[{"href":"https:\/\/www.pimentacultural.com\/en\/wp-json\/wp\/v2\/types\/product"}],"version-history":[{"count":0,"href":"https:\/\/www.pimentacultural.com\/en\/wp-json\/wp\/v2\/product\/122008\/revisions"}],"wp:featuredmedia":[{"embeddable":true,"href":"https:\/\/www.pimentacultural.com\/en\/wp-json\/wp\/v2\/media\/42891"}],"wp:attachment":[{"href":"https:\/\/www.pimentacultural.com\/en\/wp-json\/wp\/v2\/media?parent=122008"}],"wp:term":[{"taxonomy":"product_brand","embeddable":true,"href":"https:\/\/www.pimentacultural.com\/en\/wp-json\/wp\/v2\/product_brand?post=122008"},{"taxonomy":"product_cat","embeddable":true,"href":"https:\/\/www.pimentacultural.com\/en\/wp-json\/wp\/v2\/product_cat?post=122008"},{"taxonomy":"product_tag","embeddable":true,"href":"https:\/\/www.pimentacultural.com\/en\/wp-json\/wp\/v2\/product_tag?post=122008"}],"curies":[{"name":"wp","href":"https:\/\/api.w.org\/{rel}","templated":true}]}}