{"id":121991,"date":"2024-08-22T01:03:27","date_gmt":"2024-08-22T04:03:27","guid":{"rendered":"https:\/\/www.pimentacultural.com\/livro\/raca-genero-2-2\/"},"modified":"2024-08-22T01:03:27","modified_gmt":"2024-08-22T04:03:27","slug":"raca-genero-2-2","status":"publish","type":"product","link":"https:\/\/www.pimentacultural.com\/en\/livro\/raca-genero-2-2\/","title":{"rendered":"Ra\u00e7a, g\u00eanero e sexualidade em perspectivas discursivas: efeitos e pr\u00e1ticas da\/na viol\u00eancia &#8211; volume 2"},"content":{"rendered":"","protected":false},"excerpt":{"rendered":"","protected":false},"featured_media":42703,"template":"","meta":[],"product_brand":[],"product_cat":[830],"product_tag":[],"class_list":{"0":"post-121991","1":"product","2":"type-product","3":"status-publish","4":"has-post-thumbnail","6":"product_cat-sociologia-en","8":"first","9":"instock","10":"shipping-taxable","11":"product-type-simple"},"_links":{"self":[{"href":"https:\/\/www.pimentacultural.com\/en\/wp-json\/wp\/v2\/product\/121991","targetHints":{"allow":["GET"]}}],"collection":[{"href":"https:\/\/www.pimentacultural.com\/en\/wp-json\/wp\/v2\/product"}],"about":[{"href":"https:\/\/www.pimentacultural.com\/en\/wp-json\/wp\/v2\/types\/product"}],"version-history":[{"count":0,"href":"https:\/\/www.pimentacultural.com\/en\/wp-json\/wp\/v2\/product\/121991\/revisions"}],"wp:featuredmedia":[{"embeddable":true,"href":"https:\/\/www.pimentacultural.com\/en\/wp-json\/wp\/v2\/media\/42703"}],"wp:attachment":[{"href":"https:\/\/www.pimentacultural.com\/en\/wp-json\/wp\/v2\/media?parent=121991"}],"wp:term":[{"taxonomy":"product_brand","embeddable":true,"href":"https:\/\/www.pimentacultural.com\/en\/wp-json\/wp\/v2\/product_brand?post=121991"},{"taxonomy":"product_cat","embeddable":true,"href":"https:\/\/www.pimentacultural.com\/en\/wp-json\/wp\/v2\/product_cat?post=121991"},{"taxonomy":"product_tag","embeddable":true,"href":"https:\/\/www.pimentacultural.com\/en\/wp-json\/wp\/v2\/product_tag?post=121991"}],"curies":[{"name":"wp","href":"https:\/\/api.w.org\/{rel}","templated":true}]}}