{"id":121987,"date":"2024-08-22T01:03:19","date_gmt":"2024-08-22T04:03:19","guid":{"rendered":"https:\/\/www.pimentacultural.com\/livro\/politicas-publicas\/"},"modified":"2024-08-22T01:03:19","modified_gmt":"2024-08-22T04:03:19","slug":"politicas-publicas","status":"publish","type":"product","link":"https:\/\/www.pimentacultural.com\/en\/livro\/politicas-publicas\/","title":{"rendered":"Pol\u00edticas p\u00fablicas, tecnologias e trabalho em educa\u00e7\u00e3o"},"content":{"rendered":"","protected":false},"excerpt":{"rendered":"","protected":false},"featured_media":42737,"template":"","meta":[],"product_brand":[],"product_cat":[817],"product_tag":[],"class_list":{"0":"post-121987","1":"product","2":"type-product","3":"status-publish","4":"has-post-thumbnail","6":"product_cat-educacao-en","8":"first","9":"instock","10":"shipping-taxable","11":"product-type-simple"},"_links":{"self":[{"href":"https:\/\/www.pimentacultural.com\/en\/wp-json\/wp\/v2\/product\/121987","targetHints":{"allow":["GET"]}}],"collection":[{"href":"https:\/\/www.pimentacultural.com\/en\/wp-json\/wp\/v2\/product"}],"about":[{"href":"https:\/\/www.pimentacultural.com\/en\/wp-json\/wp\/v2\/types\/product"}],"version-history":[{"count":0,"href":"https:\/\/www.pimentacultural.com\/en\/wp-json\/wp\/v2\/product\/121987\/revisions"}],"wp:featuredmedia":[{"embeddable":true,"href":"https:\/\/www.pimentacultural.com\/en\/wp-json\/wp\/v2\/media\/42737"}],"wp:attachment":[{"href":"https:\/\/www.pimentacultural.com\/en\/wp-json\/wp\/v2\/media?parent=121987"}],"wp:term":[{"taxonomy":"product_brand","embeddable":true,"href":"https:\/\/www.pimentacultural.com\/en\/wp-json\/wp\/v2\/product_brand?post=121987"},{"taxonomy":"product_cat","embeddable":true,"href":"https:\/\/www.pimentacultural.com\/en\/wp-json\/wp\/v2\/product_cat?post=121987"},{"taxonomy":"product_tag","embeddable":true,"href":"https:\/\/www.pimentacultural.com\/en\/wp-json\/wp\/v2\/product_tag?post=121987"}],"curies":[{"name":"wp","href":"https:\/\/api.w.org\/{rel}","templated":true}]}}