{"id":121968,"date":"2024-08-22T01:03:10","date_gmt":"2024-08-22T04:03:10","guid":{"rendered":"https:\/\/www.pimentacultural.com\/livro\/direitos-humanos\/"},"modified":"2024-08-22T01:03:11","modified_gmt":"2024-08-22T04:03:11","slug":"direitos-humanos","status":"publish","type":"product","link":"https:\/\/www.pimentacultural.com\/en\/livro\/direitos-humanos\/","title":{"rendered":"Direitos humanos, pol\u00edticas p\u00fablicas e mudan\u00e7a social: di\u00e1logos e tensionamentos"},"content":{"rendered":"","protected":false},"excerpt":{"rendered":"","protected":false},"featured_media":42779,"template":"","meta":[],"product_brand":[],"product_cat":[837],"product_tag":[],"class_list":{"0":"post-121968","1":"product","2":"type-product","3":"status-publish","4":"has-post-thumbnail","6":"product_cat-direito-en","8":"first","9":"instock","10":"shipping-taxable","11":"product-type-simple"},"_links":{"self":[{"href":"https:\/\/www.pimentacultural.com\/en\/wp-json\/wp\/v2\/product\/121968","targetHints":{"allow":["GET"]}}],"collection":[{"href":"https:\/\/www.pimentacultural.com\/en\/wp-json\/wp\/v2\/product"}],"about":[{"href":"https:\/\/www.pimentacultural.com\/en\/wp-json\/wp\/v2\/types\/product"}],"version-history":[{"count":0,"href":"https:\/\/www.pimentacultural.com\/en\/wp-json\/wp\/v2\/product\/121968\/revisions"}],"wp:featuredmedia":[{"embeddable":true,"href":"https:\/\/www.pimentacultural.com\/en\/wp-json\/wp\/v2\/media\/42779"}],"wp:attachment":[{"href":"https:\/\/www.pimentacultural.com\/en\/wp-json\/wp\/v2\/media?parent=121968"}],"wp:term":[{"taxonomy":"product_brand","embeddable":true,"href":"https:\/\/www.pimentacultural.com\/en\/wp-json\/wp\/v2\/product_brand?post=121968"},{"taxonomy":"product_cat","embeddable":true,"href":"https:\/\/www.pimentacultural.com\/en\/wp-json\/wp\/v2\/product_cat?post=121968"},{"taxonomy":"product_tag","embeddable":true,"href":"https:\/\/www.pimentacultural.com\/en\/wp-json\/wp\/v2\/product_tag?post=121968"}],"curies":[{"name":"wp","href":"https:\/\/api.w.org\/{rel}","templated":true}]}}