{"id":121940,"date":"2024-08-22T01:03:30","date_gmt":"2024-08-22T04:03:30","guid":{"rendered":"https:\/\/www.pimentacultural.com\/livro\/avaliacao-desempenho\/"},"modified":"2024-08-22T01:03:30","modified_gmt":"2024-08-22T04:03:30","slug":"avaliacao-desempenho","status":"publish","type":"product","link":"https:\/\/www.pimentacultural.com\/en\/livro\/avaliacao-desempenho\/","title":{"rendered":"A avalia\u00e7\u00e3o de desempenho no INCA: opini\u00e3o dos servidores da \u00e1rea de ci\u00eancia e tecnologia"},"content":{"rendered":"","protected":false},"excerpt":{"rendered":"","protected":false},"featured_media":42689,"template":"","meta":[],"product_brand":[],"product_cat":[817,858],"product_tag":[],"class_list":{"0":"post-121940","1":"product","2":"type-product","3":"status-publish","4":"has-post-thumbnail","6":"product_cat-educacao-en","7":"product_cat-probabilidade-e-estatistica-en","9":"first","10":"instock","11":"shipping-taxable","12":"product-type-simple"},"_links":{"self":[{"href":"https:\/\/www.pimentacultural.com\/en\/wp-json\/wp\/v2\/product\/121940","targetHints":{"allow":["GET"]}}],"collection":[{"href":"https:\/\/www.pimentacultural.com\/en\/wp-json\/wp\/v2\/product"}],"about":[{"href":"https:\/\/www.pimentacultural.com\/en\/wp-json\/wp\/v2\/types\/product"}],"version-history":[{"count":0,"href":"https:\/\/www.pimentacultural.com\/en\/wp-json\/wp\/v2\/product\/121940\/revisions"}],"wp:featuredmedia":[{"embeddable":true,"href":"https:\/\/www.pimentacultural.com\/en\/wp-json\/wp\/v2\/media\/42689"}],"wp:attachment":[{"href":"https:\/\/www.pimentacultural.com\/en\/wp-json\/wp\/v2\/media?parent=121940"}],"wp:term":[{"taxonomy":"product_brand","embeddable":true,"href":"https:\/\/www.pimentacultural.com\/en\/wp-json\/wp\/v2\/product_brand?post=121940"},{"taxonomy":"product_cat","embeddable":true,"href":"https:\/\/www.pimentacultural.com\/en\/wp-json\/wp\/v2\/product_cat?post=121940"},{"taxonomy":"product_tag","embeddable":true,"href":"https:\/\/www.pimentacultural.com\/en\/wp-json\/wp\/v2\/product_tag?post=121940"}],"curies":[{"name":"wp","href":"https:\/\/api.w.org\/{rel}","templated":true}]}}