{"id":121924,"date":"2024-08-22T01:03:29","date_gmt":"2024-08-22T04:03:29","guid":{"rendered":"https:\/\/www.pimentacultural.com\/livro\/usabilidade-aplicativo\/"},"modified":"2024-08-22T01:03:29","modified_gmt":"2024-08-22T04:03:29","slug":"usabilidade-aplicativo","status":"publish","type":"product","link":"https:\/\/www.pimentacultural.com\/en\/livro\/usabilidade-aplicativo\/","title":{"rendered":"Usabilidade do aplicativo Sine F\u00e1cil: avalia\u00e7\u00e3o da satisfa\u00e7\u00e3o e usu\u00e1rios"},"content":{"rendered":"","protected":false},"excerpt":{"rendered":"","protected":false},"featured_media":42691,"template":"","meta":[],"product_brand":[],"product_cat":[854,830],"product_tag":[],"class_list":{"0":"post-121924","1":"product","2":"type-product","3":"status-publish","4":"has-post-thumbnail","6":"product_cat-ciencia-da-computacao-en","7":"product_cat-sociologia-en","9":"first","10":"instock","11":"shipping-taxable","12":"product-type-simple"},"_links":{"self":[{"href":"https:\/\/www.pimentacultural.com\/en\/wp-json\/wp\/v2\/product\/121924","targetHints":{"allow":["GET"]}}],"collection":[{"href":"https:\/\/www.pimentacultural.com\/en\/wp-json\/wp\/v2\/product"}],"about":[{"href":"https:\/\/www.pimentacultural.com\/en\/wp-json\/wp\/v2\/types\/product"}],"version-history":[{"count":0,"href":"https:\/\/www.pimentacultural.com\/en\/wp-json\/wp\/v2\/product\/121924\/revisions"}],"wp:featuredmedia":[{"embeddable":true,"href":"https:\/\/www.pimentacultural.com\/en\/wp-json\/wp\/v2\/media\/42691"}],"wp:attachment":[{"href":"https:\/\/www.pimentacultural.com\/en\/wp-json\/wp\/v2\/media?parent=121924"}],"wp:term":[{"taxonomy":"product_brand","embeddable":true,"href":"https:\/\/www.pimentacultural.com\/en\/wp-json\/wp\/v2\/product_brand?post=121924"},{"taxonomy":"product_cat","embeddable":true,"href":"https:\/\/www.pimentacultural.com\/en\/wp-json\/wp\/v2\/product_cat?post=121924"},{"taxonomy":"product_tag","embeddable":true,"href":"https:\/\/www.pimentacultural.com\/en\/wp-json\/wp\/v2\/product_tag?post=121924"}],"curies":[{"name":"wp","href":"https:\/\/api.w.org\/{rel}","templated":true}]}}