{"id":121907,"date":"2024-08-22T01:07:59","date_gmt":"2024-08-22T04:07:59","guid":{"rendered":"https:\/\/www.pimentacultural.com\/livro\/educacao-matematica\/"},"modified":"2024-08-22T01:07:59","modified_gmt":"2024-08-22T04:07:59","slug":"educacao-matematica","status":"publish","type":"product","link":"https:\/\/www.pimentacultural.com\/en\/livro\/educacao-matematica\/","title":{"rendered":"Perspectivas te\u00f3rico-metodol\u00f3gicas em pesquisas que envolvem tecnologia na Educa\u00e7\u00e3o Matem\u00e1tica: o GeoGebra em foco"},"content":{"rendered":"","protected":false},"excerpt":{"rendered":"","protected":false},"featured_media":42568,"template":"","meta":[],"product_brand":[],"product_cat":[845],"product_tag":[],"class_list":{"0":"post-121907","1":"product","2":"type-product","3":"status-publish","4":"has-post-thumbnail","6":"product_cat-matematica-en","8":"first","9":"instock","10":"shipping-taxable","11":"product-type-simple"},"_links":{"self":[{"href":"https:\/\/www.pimentacultural.com\/en\/wp-json\/wp\/v2\/product\/121907","targetHints":{"allow":["GET"]}}],"collection":[{"href":"https:\/\/www.pimentacultural.com\/en\/wp-json\/wp\/v2\/product"}],"about":[{"href":"https:\/\/www.pimentacultural.com\/en\/wp-json\/wp\/v2\/types\/product"}],"version-history":[{"count":0,"href":"https:\/\/www.pimentacultural.com\/en\/wp-json\/wp\/v2\/product\/121907\/revisions"}],"wp:featuredmedia":[{"embeddable":true,"href":"https:\/\/www.pimentacultural.com\/en\/wp-json\/wp\/v2\/media\/42568"}],"wp:attachment":[{"href":"https:\/\/www.pimentacultural.com\/en\/wp-json\/wp\/v2\/media?parent=121907"}],"wp:term":[{"taxonomy":"product_brand","embeddable":true,"href":"https:\/\/www.pimentacultural.com\/en\/wp-json\/wp\/v2\/product_brand?post=121907"},{"taxonomy":"product_cat","embeddable":true,"href":"https:\/\/www.pimentacultural.com\/en\/wp-json\/wp\/v2\/product_cat?post=121907"},{"taxonomy":"product_tag","embeddable":true,"href":"https:\/\/www.pimentacultural.com\/en\/wp-json\/wp\/v2\/product_tag?post=121907"}],"curies":[{"name":"wp","href":"https:\/\/api.w.org\/{rel}","templated":true}]}}