{"id":121902,"date":"2024-08-22T01:07:54","date_gmt":"2024-08-22T04:07:54","guid":{"rendered":"https:\/\/www.pimentacultural.com\/livro\/producao-neodocencia\/"},"modified":"2024-08-22T01:07:54","modified_gmt":"2024-08-22T04:07:54","slug":"producao-neodocencia","status":"publish","type":"product","link":"https:\/\/www.pimentacultural.com\/en\/livro\/producao-neodocencia\/","title":{"rendered":"A produ\u00e7\u00e3o da neodoc\u00eancia no ensino m\u00e9dio brasileiro na segunda metade do s\u00e9culo XX: did\u00e1tica e efici\u00eancia pedag\u00f3gica em debate"},"content":{"rendered":"","protected":false},"excerpt":{"rendered":"","protected":false},"featured_media":42591,"template":"","meta":[],"product_brand":[],"product_cat":[817],"product_tag":[],"class_list":{"0":"post-121902","1":"product","2":"type-product","3":"status-publish","4":"has-post-thumbnail","6":"product_cat-educacao-en","8":"first","9":"instock","10":"shipping-taxable","11":"product-type-simple"},"_links":{"self":[{"href":"https:\/\/www.pimentacultural.com\/en\/wp-json\/wp\/v2\/product\/121902","targetHints":{"allow":["GET"]}}],"collection":[{"href":"https:\/\/www.pimentacultural.com\/en\/wp-json\/wp\/v2\/product"}],"about":[{"href":"https:\/\/www.pimentacultural.com\/en\/wp-json\/wp\/v2\/types\/product"}],"version-history":[{"count":0,"href":"https:\/\/www.pimentacultural.com\/en\/wp-json\/wp\/v2\/product\/121902\/revisions"}],"wp:featuredmedia":[{"embeddable":true,"href":"https:\/\/www.pimentacultural.com\/en\/wp-json\/wp\/v2\/media\/42591"}],"wp:attachment":[{"href":"https:\/\/www.pimentacultural.com\/en\/wp-json\/wp\/v2\/media?parent=121902"}],"wp:term":[{"taxonomy":"product_brand","embeddable":true,"href":"https:\/\/www.pimentacultural.com\/en\/wp-json\/wp\/v2\/product_brand?post=121902"},{"taxonomy":"product_cat","embeddable":true,"href":"https:\/\/www.pimentacultural.com\/en\/wp-json\/wp\/v2\/product_cat?post=121902"},{"taxonomy":"product_tag","embeddable":true,"href":"https:\/\/www.pimentacultural.com\/en\/wp-json\/wp\/v2\/product_tag?post=121902"}],"curies":[{"name":"wp","href":"https:\/\/api.w.org\/{rel}","templated":true}]}}