{"id":121890,"date":"2024-08-22T01:07:41","date_gmt":"2024-08-22T04:07:41","guid":{"rendered":"https:\/\/www.pimentacultural.com\/livro\/dialogos-sobre-2\/"},"modified":"2026-02-24T16:13:48","modified_gmt":"2026-02-24T19:13:48","slug":"dialogos-sobre-2","status":"publish","type":"product","link":"https:\/\/www.pimentacultural.com\/en\/livro\/dialogos-sobre-2\/","title":{"rendered":"Di\u00e1logos sobre o ensino e a educa\u00e7\u00e3o b\u00e1sica: curr\u00edculo, forma\u00e7\u00e3o de professores e pr\u00e1ticas escolares e n\u00e3o escolares"},"content":{"rendered":"","protected":false},"excerpt":{"rendered":"","protected":false},"featured_media":42655,"template":"","meta":[],"product_brand":[],"product_cat":[817],"product_tag":[],"class_list":{"0":"post-121890","1":"product","2":"type-product","3":"status-publish","4":"has-post-thumbnail","6":"product_cat-educacao-en","8":"first","9":"instock","10":"shipping-taxable","11":"product-type-simple"},"_links":{"self":[{"href":"https:\/\/www.pimentacultural.com\/en\/wp-json\/wp\/v2\/product\/121890","targetHints":{"allow":["GET"]}}],"collection":[{"href":"https:\/\/www.pimentacultural.com\/en\/wp-json\/wp\/v2\/product"}],"about":[{"href":"https:\/\/www.pimentacultural.com\/en\/wp-json\/wp\/v2\/types\/product"}],"version-history":[{"count":0,"href":"https:\/\/www.pimentacultural.com\/en\/wp-json\/wp\/v2\/product\/121890\/revisions"}],"wp:featuredmedia":[{"embeddable":true,"href":"https:\/\/www.pimentacultural.com\/en\/wp-json\/wp\/v2\/media\/42655"}],"wp:attachment":[{"href":"https:\/\/www.pimentacultural.com\/en\/wp-json\/wp\/v2\/media?parent=121890"}],"wp:term":[{"taxonomy":"product_brand","embeddable":true,"href":"https:\/\/www.pimentacultural.com\/en\/wp-json\/wp\/v2\/product_brand?post=121890"},{"taxonomy":"product_cat","embeddable":true,"href":"https:\/\/www.pimentacultural.com\/en\/wp-json\/wp\/v2\/product_cat?post=121890"},{"taxonomy":"product_tag","embeddable":true,"href":"https:\/\/www.pimentacultural.com\/en\/wp-json\/wp\/v2\/product_tag?post=121890"}],"curies":[{"name":"wp","href":"https:\/\/api.w.org\/{rel}","templated":true}]}}