{"id":121886,"date":"2024-08-22T01:07:51","date_gmt":"2024-08-22T04:07:51","guid":{"rendered":"https:\/\/www.pimentacultural.com\/livro\/encefalopatia-cronica\/"},"modified":"2024-08-22T01:07:51","modified_gmt":"2024-08-22T04:07:51","slug":"encefalopatia-cronica","status":"publish","type":"product","link":"https:\/\/www.pimentacultural.com\/en\/livro\/encefalopatia-cronica\/","title":{"rendered":"Encefalopatia cr\u00f4nica da inf\u00e2ncia: um enfoque fonoaudiol\u00f3gico em atua\u00e7\u00e3o na estimula\u00e7\u00e3o precoce"},"content":{"rendered":"","protected":false},"excerpt":{"rendered":"","protected":false},"featured_media":42607,"template":"","meta":[],"product_brand":[],"product_cat":[835,818],"product_tag":[],"class_list":{"0":"post-121886","1":"product","2":"type-product","3":"status-publish","4":"has-post-thumbnail","6":"product_cat-medicina-en","7":"product_cat-saude-coletiva-en","9":"first","10":"instock","11":"shipping-taxable","12":"product-type-simple"},"_links":{"self":[{"href":"https:\/\/www.pimentacultural.com\/en\/wp-json\/wp\/v2\/product\/121886","targetHints":{"allow":["GET"]}}],"collection":[{"href":"https:\/\/www.pimentacultural.com\/en\/wp-json\/wp\/v2\/product"}],"about":[{"href":"https:\/\/www.pimentacultural.com\/en\/wp-json\/wp\/v2\/types\/product"}],"version-history":[{"count":0,"href":"https:\/\/www.pimentacultural.com\/en\/wp-json\/wp\/v2\/product\/121886\/revisions"}],"wp:featuredmedia":[{"embeddable":true,"href":"https:\/\/www.pimentacultural.com\/en\/wp-json\/wp\/v2\/media\/42607"}],"wp:attachment":[{"href":"https:\/\/www.pimentacultural.com\/en\/wp-json\/wp\/v2\/media?parent=121886"}],"wp:term":[{"taxonomy":"product_brand","embeddable":true,"href":"https:\/\/www.pimentacultural.com\/en\/wp-json\/wp\/v2\/product_brand?post=121886"},{"taxonomy":"product_cat","embeddable":true,"href":"https:\/\/www.pimentacultural.com\/en\/wp-json\/wp\/v2\/product_cat?post=121886"},{"taxonomy":"product_tag","embeddable":true,"href":"https:\/\/www.pimentacultural.com\/en\/wp-json\/wp\/v2\/product_tag?post=121886"}],"curies":[{"name":"wp","href":"https:\/\/api.w.org\/{rel}","templated":true}]}}