{"id":121850,"date":"2024-08-22T01:08:47","date_gmt":"2024-08-22T04:08:47","guid":{"rendered":"https:\/\/www.pimentacultural.com\/livro\/construcao-conhecimento-2\/"},"modified":"2026-02-26T15:57:45","modified_gmt":"2026-02-26T18:57:45","slug":"construcao-conhecimento-2","status":"publish","type":"product","link":"https:\/\/www.pimentacultural.com\/en\/livro\/construcao-conhecimento-2\/","title":{"rendered":"Constru\u00e7\u00e3o do conhecimento em organiza\u00e7\u00f5es na perspectiva da modelagem de processos industriais e sistemas complexos"},"content":{"rendered":"","protected":false},"excerpt":{"rendered":"","protected":false},"featured_media":42429,"template":"","meta":[],"product_brand":[],"product_cat":[854,823],"product_tag":[],"class_list":{"0":"post-121850","1":"product","2":"type-product","3":"status-publish","4":"has-post-thumbnail","6":"product_cat-ciencia-da-computacao-en","7":"product_cat-ciencia-da-informacao-en","9":"first","10":"instock","11":"shipping-taxable","12":"product-type-simple"},"_links":{"self":[{"href":"https:\/\/www.pimentacultural.com\/en\/wp-json\/wp\/v2\/product\/121850","targetHints":{"allow":["GET"]}}],"collection":[{"href":"https:\/\/www.pimentacultural.com\/en\/wp-json\/wp\/v2\/product"}],"about":[{"href":"https:\/\/www.pimentacultural.com\/en\/wp-json\/wp\/v2\/types\/product"}],"version-history":[{"count":0,"href":"https:\/\/www.pimentacultural.com\/en\/wp-json\/wp\/v2\/product\/121850\/revisions"}],"wp:featuredmedia":[{"embeddable":true,"href":"https:\/\/www.pimentacultural.com\/en\/wp-json\/wp\/v2\/media\/42429"}],"wp:attachment":[{"href":"https:\/\/www.pimentacultural.com\/en\/wp-json\/wp\/v2\/media?parent=121850"}],"wp:term":[{"taxonomy":"product_brand","embeddable":true,"href":"https:\/\/www.pimentacultural.com\/en\/wp-json\/wp\/v2\/product_brand?post=121850"},{"taxonomy":"product_cat","embeddable":true,"href":"https:\/\/www.pimentacultural.com\/en\/wp-json\/wp\/v2\/product_cat?post=121850"},{"taxonomy":"product_tag","embeddable":true,"href":"https:\/\/www.pimentacultural.com\/en\/wp-json\/wp\/v2\/product_tag?post=121850"}],"curies":[{"name":"wp","href":"https:\/\/api.w.org\/{rel}","templated":true}]}}