{"id":121827,"date":"2024-08-22T01:09:07","date_gmt":"2024-08-22T04:09:07","guid":{"rendered":"https:\/\/www.pimentacultural.com\/livro\/cartilha-diretrizes\/"},"modified":"2024-08-22T01:09:07","modified_gmt":"2024-08-22T04:09:07","slug":"cartilha-diretrizes","status":"publish","type":"product","link":"https:\/\/www.pimentacultural.com\/en\/livro\/cartilha-diretrizes\/","title":{"rendered":"Cartilha de diretrizes e procedimentos sobre a atua\u00e7\u00e3o da equipe psicossocial na audi\u00eancia de cust\u00f3dia do Esp\u00edrito Santo"},"content":{"rendered":"","protected":false},"excerpt":{"rendered":"","protected":false},"featured_media":42319,"template":"","meta":[],"product_brand":[],"product_cat":[837],"product_tag":[],"class_list":{"0":"post-121827","1":"product","2":"type-product","3":"status-publish","4":"has-post-thumbnail","6":"product_cat-direito-en","8":"first","9":"instock","10":"shipping-taxable","11":"product-type-simple"},"_links":{"self":[{"href":"https:\/\/www.pimentacultural.com\/en\/wp-json\/wp\/v2\/product\/121827","targetHints":{"allow":["GET"]}}],"collection":[{"href":"https:\/\/www.pimentacultural.com\/en\/wp-json\/wp\/v2\/product"}],"about":[{"href":"https:\/\/www.pimentacultural.com\/en\/wp-json\/wp\/v2\/types\/product"}],"version-history":[{"count":0,"href":"https:\/\/www.pimentacultural.com\/en\/wp-json\/wp\/v2\/product\/121827\/revisions"}],"wp:featuredmedia":[{"embeddable":true,"href":"https:\/\/www.pimentacultural.com\/en\/wp-json\/wp\/v2\/media\/42319"}],"wp:attachment":[{"href":"https:\/\/www.pimentacultural.com\/en\/wp-json\/wp\/v2\/media?parent=121827"}],"wp:term":[{"taxonomy":"product_brand","embeddable":true,"href":"https:\/\/www.pimentacultural.com\/en\/wp-json\/wp\/v2\/product_brand?post=121827"},{"taxonomy":"product_cat","embeddable":true,"href":"https:\/\/www.pimentacultural.com\/en\/wp-json\/wp\/v2\/product_cat?post=121827"},{"taxonomy":"product_tag","embeddable":true,"href":"https:\/\/www.pimentacultural.com\/en\/wp-json\/wp\/v2\/product_tag?post=121827"}],"curies":[{"name":"wp","href":"https:\/\/api.w.org\/{rel}","templated":true}]}}