{"id":121823,"date":"2025-01-27T08:25:04","date_gmt":"2025-01-27T11:25:04","guid":{"rendered":"https:\/\/www.pimentacultural.com\/livro\/gestao-publica\/"},"modified":"2025-01-27T08:25:05","modified_gmt":"2025-01-27T11:25:05","slug":"gestao-publica","status":"publish","type":"product","link":"https:\/\/www.pimentacultural.com\/en\/livro\/gestao-publica\/","title":{"rendered":"Gest\u00e3o P\u00fablica: A vis\u00e3o dos T\u00e9cnicos-Administrativos em Educa\u00e7\u00e3o das Universidades P\u00fablicas e Institutos Federais"},"content":{"rendered":"","protected":false},"excerpt":{"rendered":"","protected":false},"featured_media":128214,"template":"","meta":[],"product_brand":[],"product_cat":[828],"product_tag":[],"class_list":{"0":"post-121823","1":"product","2":"type-product","3":"status-publish","4":"has-post-thumbnail","6":"product_cat-administracao-en","8":"first","9":"instock","10":"shipping-taxable","11":"product-type-simple"},"_links":{"self":[{"href":"https:\/\/www.pimentacultural.com\/en\/wp-json\/wp\/v2\/product\/121823","targetHints":{"allow":["GET"]}}],"collection":[{"href":"https:\/\/www.pimentacultural.com\/en\/wp-json\/wp\/v2\/product"}],"about":[{"href":"https:\/\/www.pimentacultural.com\/en\/wp-json\/wp\/v2\/types\/product"}],"version-history":[{"count":0,"href":"https:\/\/www.pimentacultural.com\/en\/wp-json\/wp\/v2\/product\/121823\/revisions"}],"wp:featuredmedia":[{"embeddable":true,"href":"https:\/\/www.pimentacultural.com\/en\/wp-json\/wp\/v2\/media\/128214"}],"wp:attachment":[{"href":"https:\/\/www.pimentacultural.com\/en\/wp-json\/wp\/v2\/media?parent=121823"}],"wp:term":[{"taxonomy":"product_brand","embeddable":true,"href":"https:\/\/www.pimentacultural.com\/en\/wp-json\/wp\/v2\/product_brand?post=121823"},{"taxonomy":"product_cat","embeddable":true,"href":"https:\/\/www.pimentacultural.com\/en\/wp-json\/wp\/v2\/product_cat?post=121823"},{"taxonomy":"product_tag","embeddable":true,"href":"https:\/\/www.pimentacultural.com\/en\/wp-json\/wp\/v2\/product_tag?post=121823"}],"curies":[{"name":"wp","href":"https:\/\/api.w.org\/{rel}","templated":true}]}}