{"id":121811,"date":"2024-08-22T01:08:18","date_gmt":"2024-08-22T04:08:18","guid":{"rendered":"https:\/\/www.pimentacultural.com\/livro\/ecologia-saberes\/"},"modified":"2024-08-22T01:08:19","modified_gmt":"2024-08-22T04:08:19","slug":"ecologia-saberes","status":"publish","type":"product","link":"https:\/\/www.pimentacultural.com\/en\/livro\/ecologia-saberes\/","title":{"rendered":"Ecologia de saberes e pr\u00e1ticas na produ\u00e7\u00e3o de a\u00e7\u00f5es de sa\u00fade: a experi\u00eancia do assentamento da antiga Fazenda Annoni"},"content":{"rendered":"","protected":false},"excerpt":{"rendered":"","protected":false},"featured_media":42477,"template":"","meta":[],"product_brand":[],"product_cat":[818],"product_tag":[],"class_list":{"0":"post-121811","1":"product","2":"type-product","3":"status-publish","4":"has-post-thumbnail","6":"product_cat-saude-coletiva-en","8":"first","9":"instock","10":"shipping-taxable","11":"product-type-simple"},"_links":{"self":[{"href":"https:\/\/www.pimentacultural.com\/en\/wp-json\/wp\/v2\/product\/121811","targetHints":{"allow":["GET"]}}],"collection":[{"href":"https:\/\/www.pimentacultural.com\/en\/wp-json\/wp\/v2\/product"}],"about":[{"href":"https:\/\/www.pimentacultural.com\/en\/wp-json\/wp\/v2\/types\/product"}],"version-history":[{"count":0,"href":"https:\/\/www.pimentacultural.com\/en\/wp-json\/wp\/v2\/product\/121811\/revisions"}],"wp:featuredmedia":[{"embeddable":true,"href":"https:\/\/www.pimentacultural.com\/en\/wp-json\/wp\/v2\/media\/42477"}],"wp:attachment":[{"href":"https:\/\/www.pimentacultural.com\/en\/wp-json\/wp\/v2\/media?parent=121811"}],"wp:term":[{"taxonomy":"product_brand","embeddable":true,"href":"https:\/\/www.pimentacultural.com\/en\/wp-json\/wp\/v2\/product_brand?post=121811"},{"taxonomy":"product_cat","embeddable":true,"href":"https:\/\/www.pimentacultural.com\/en\/wp-json\/wp\/v2\/product_cat?post=121811"},{"taxonomy":"product_tag","embeddable":true,"href":"https:\/\/www.pimentacultural.com\/en\/wp-json\/wp\/v2\/product_tag?post=121811"}],"curies":[{"name":"wp","href":"https:\/\/api.w.org\/{rel}","templated":true}]}}