{"id":121798,"date":"2024-08-22T01:08:13","date_gmt":"2024-08-22T04:08:13","guid":{"rendered":"https:\/\/www.pimentacultural.com\/livro\/dialogos-bucaleiros\/"},"modified":"2024-08-22T01:08:13","modified_gmt":"2024-08-22T04:08:13","slug":"dialogos-bucaleiros","status":"publish","type":"product","link":"https:\/\/www.pimentacultural.com\/en\/livro\/dialogos-bucaleiros\/","title":{"rendered":"Di\u00e1logos Bucaleiros: reflex\u00f5es em tempos pand\u00eamicos"},"content":{"rendered":"","protected":false},"excerpt":{"rendered":"","protected":false},"featured_media":42503,"template":"","meta":[],"product_brand":[],"product_cat":[836],"product_tag":[],"class_list":{"0":"post-121798","1":"product","2":"type-product","3":"status-publish","4":"has-post-thumbnail","6":"product_cat-odontologia-en","8":"first","9":"instock","10":"shipping-taxable","11":"product-type-simple"},"_links":{"self":[{"href":"https:\/\/www.pimentacultural.com\/en\/wp-json\/wp\/v2\/product\/121798","targetHints":{"allow":["GET"]}}],"collection":[{"href":"https:\/\/www.pimentacultural.com\/en\/wp-json\/wp\/v2\/product"}],"about":[{"href":"https:\/\/www.pimentacultural.com\/en\/wp-json\/wp\/v2\/types\/product"}],"version-history":[{"count":0,"href":"https:\/\/www.pimentacultural.com\/en\/wp-json\/wp\/v2\/product\/121798\/revisions"}],"wp:featuredmedia":[{"embeddable":true,"href":"https:\/\/www.pimentacultural.com\/en\/wp-json\/wp\/v2\/media\/42503"}],"wp:attachment":[{"href":"https:\/\/www.pimentacultural.com\/en\/wp-json\/wp\/v2\/media?parent=121798"}],"wp:term":[{"taxonomy":"product_brand","embeddable":true,"href":"https:\/\/www.pimentacultural.com\/en\/wp-json\/wp\/v2\/product_brand?post=121798"},{"taxonomy":"product_cat","embeddable":true,"href":"https:\/\/www.pimentacultural.com\/en\/wp-json\/wp\/v2\/product_cat?post=121798"},{"taxonomy":"product_tag","embeddable":true,"href":"https:\/\/www.pimentacultural.com\/en\/wp-json\/wp\/v2\/product_tag?post=121798"}],"curies":[{"name":"wp","href":"https:\/\/api.w.org\/{rel}","templated":true}]}}