{"id":121769,"date":"2024-08-22T01:08:47","date_gmt":"2024-08-22T04:08:47","guid":{"rendered":"https:\/\/www.pimentacultural.com\/livro\/historia-identidade\/"},"modified":"2024-08-22T01:08:47","modified_gmt":"2024-08-22T04:08:47","slug":"historia-identidade","status":"publish","type":"product","link":"https:\/\/www.pimentacultural.com\/en\/livro\/historia-identidade\/","title":{"rendered":"Hist\u00f3ria e identidade na p\u00f3s-modernidade: o discurso hist\u00f3rico e a identidade feminina em A costa dos murm\u00farios, de L\u00eddia Jorge."},"content":{"rendered":"","protected":false},"excerpt":{"rendered":"","protected":false},"featured_media":42431,"template":"","meta":[],"product_brand":[],"product_cat":[827],"product_tag":[],"class_list":{"0":"post-121769","1":"product","2":"type-product","3":"status-publish","4":"has-post-thumbnail","6":"product_cat-historia-en","8":"first","9":"instock","10":"shipping-taxable","11":"product-type-simple"},"_links":{"self":[{"href":"https:\/\/www.pimentacultural.com\/en\/wp-json\/wp\/v2\/product\/121769","targetHints":{"allow":["GET"]}}],"collection":[{"href":"https:\/\/www.pimentacultural.com\/en\/wp-json\/wp\/v2\/product"}],"about":[{"href":"https:\/\/www.pimentacultural.com\/en\/wp-json\/wp\/v2\/types\/product"}],"version-history":[{"count":0,"href":"https:\/\/www.pimentacultural.com\/en\/wp-json\/wp\/v2\/product\/121769\/revisions"}],"wp:featuredmedia":[{"embeddable":true,"href":"https:\/\/www.pimentacultural.com\/en\/wp-json\/wp\/v2\/media\/42431"}],"wp:attachment":[{"href":"https:\/\/www.pimentacultural.com\/en\/wp-json\/wp\/v2\/media?parent=121769"}],"wp:term":[{"taxonomy":"product_brand","embeddable":true,"href":"https:\/\/www.pimentacultural.com\/en\/wp-json\/wp\/v2\/product_brand?post=121769"},{"taxonomy":"product_cat","embeddable":true,"href":"https:\/\/www.pimentacultural.com\/en\/wp-json\/wp\/v2\/product_cat?post=121769"},{"taxonomy":"product_tag","embeddable":true,"href":"https:\/\/www.pimentacultural.com\/en\/wp-json\/wp\/v2\/product_tag?post=121769"}],"curies":[{"name":"wp","href":"https:\/\/api.w.org\/{rel}","templated":true}]}}