{"id":121749,"date":"2024-08-22T01:08:55","date_gmt":"2024-08-22T04:08:55","guid":{"rendered":"https:\/\/www.pimentacultural.com\/livro\/tecnologias-informacao\/"},"modified":"2024-08-22T01:08:55","modified_gmt":"2024-08-22T04:08:55","slug":"tecnologias-informacao","status":"publish","type":"product","link":"https:\/\/www.pimentacultural.com\/en\/livro\/tecnologias-informacao\/","title":{"rendered":"Tecnologias de informa\u00e7\u00e3o e comunica\u00e7\u00e3o ao servi\u00e7o da educa\u00e7\u00e3o em tempos de Covid-19: relatos de experi\u00eancias educativas no espa\u00e7o luso-afro-brasileiro"},"content":{"rendered":"","protected":false},"excerpt":{"rendered":"","protected":false},"featured_media":42380,"template":"","meta":[],"product_brand":[],"product_cat":[817],"product_tag":[],"class_list":{"0":"post-121749","1":"product","2":"type-product","3":"status-publish","4":"has-post-thumbnail","6":"product_cat-educacao-en","8":"first","9":"instock","10":"shipping-taxable","11":"product-type-simple"},"_links":{"self":[{"href":"https:\/\/www.pimentacultural.com\/en\/wp-json\/wp\/v2\/product\/121749","targetHints":{"allow":["GET"]}}],"collection":[{"href":"https:\/\/www.pimentacultural.com\/en\/wp-json\/wp\/v2\/product"}],"about":[{"href":"https:\/\/www.pimentacultural.com\/en\/wp-json\/wp\/v2\/types\/product"}],"version-history":[{"count":0,"href":"https:\/\/www.pimentacultural.com\/en\/wp-json\/wp\/v2\/product\/121749\/revisions"}],"wp:featuredmedia":[{"embeddable":true,"href":"https:\/\/www.pimentacultural.com\/en\/wp-json\/wp\/v2\/media\/42380"}],"wp:attachment":[{"href":"https:\/\/www.pimentacultural.com\/en\/wp-json\/wp\/v2\/media?parent=121749"}],"wp:term":[{"taxonomy":"product_brand","embeddable":true,"href":"https:\/\/www.pimentacultural.com\/en\/wp-json\/wp\/v2\/product_brand?post=121749"},{"taxonomy":"product_cat","embeddable":true,"href":"https:\/\/www.pimentacultural.com\/en\/wp-json\/wp\/v2\/product_cat?post=121749"},{"taxonomy":"product_tag","embeddable":true,"href":"https:\/\/www.pimentacultural.com\/en\/wp-json\/wp\/v2\/product_tag?post=121749"}],"curies":[{"name":"wp","href":"https:\/\/api.w.org\/{rel}","templated":true}]}}