{"id":121737,"date":"2024-08-22T01:10:59","date_gmt":"2024-08-22T04:10:59","guid":{"rendered":"https:\/\/www.pimentacultural.com\/livro\/contribuicoes-descricao\/"},"modified":"2024-08-22T01:10:59","modified_gmt":"2024-08-22T04:10:59","slug":"contribuicoes-descricao","status":"publish","type":"product","link":"https:\/\/www.pimentacultural.com\/en\/livro\/contribuicoes-descricao\/","title":{"rendered":"Contribui\u00e7\u00f5es \u00e0 descri\u00e7\u00e3o e ao ensino do Portugu\u00eas Brasileiro: da fon\u00e9tica ao discurso, com parada obrigat\u00f3ria na sintaxe \u2013 uma homenagem a Maria Eug\u00eania Lammoglia Duarte"},"content":{"rendered":"","protected":false},"excerpt":{"rendered":"","protected":false},"featured_media":42227,"template":"","meta":[],"product_brand":[],"product_cat":[817,826],"product_tag":[],"class_list":{"0":"post-121737","1":"product","2":"type-product","3":"status-publish","4":"has-post-thumbnail","6":"product_cat-educacao-en","7":"product_cat-linguistica-en","9":"first","10":"instock","11":"shipping-taxable","12":"product-type-simple"},"_links":{"self":[{"href":"https:\/\/www.pimentacultural.com\/en\/wp-json\/wp\/v2\/product\/121737","targetHints":{"allow":["GET"]}}],"collection":[{"href":"https:\/\/www.pimentacultural.com\/en\/wp-json\/wp\/v2\/product"}],"about":[{"href":"https:\/\/www.pimentacultural.com\/en\/wp-json\/wp\/v2\/types\/product"}],"version-history":[{"count":0,"href":"https:\/\/www.pimentacultural.com\/en\/wp-json\/wp\/v2\/product\/121737\/revisions"}],"wp:featuredmedia":[{"embeddable":true,"href":"https:\/\/www.pimentacultural.com\/en\/wp-json\/wp\/v2\/media\/42227"}],"wp:attachment":[{"href":"https:\/\/www.pimentacultural.com\/en\/wp-json\/wp\/v2\/media?parent=121737"}],"wp:term":[{"taxonomy":"product_brand","embeddable":true,"href":"https:\/\/www.pimentacultural.com\/en\/wp-json\/wp\/v2\/product_brand?post=121737"},{"taxonomy":"product_cat","embeddable":true,"href":"https:\/\/www.pimentacultural.com\/en\/wp-json\/wp\/v2\/product_cat?post=121737"},{"taxonomy":"product_tag","embeddable":true,"href":"https:\/\/www.pimentacultural.com\/en\/wp-json\/wp\/v2\/product_tag?post=121737"}],"curies":[{"name":"wp","href":"https:\/\/api.w.org\/{rel}","templated":true}]}}