{"id":121709,"date":"2024-08-22T01:11:02","date_gmt":"2024-08-22T04:11:02","guid":{"rendered":"https:\/\/www.pimentacultural.com\/livro\/operacoes-policiais\/"},"modified":"2024-08-22T01:11:02","modified_gmt":"2024-08-22T04:11:02","slug":"operacoes-policiais","status":"publish","type":"product","link":"https:\/\/www.pimentacultural.com\/en\/livro\/operacoes-policiais\/","title":{"rendered":"As opera\u00e7\u00f5es policiais como estrat\u00e9gias estatais no combate ao tr\u00e1fico transnacional de drogas na fronteira combate ao tr\u00e1fico transnacional de drogas na fronteira Brasil \u2013 Paraguai"},"content":{"rendered":"","protected":false},"excerpt":{"rendered":"","protected":false},"featured_media":42411,"template":"","meta":[],"product_brand":[],"product_cat":[818],"product_tag":[],"class_list":{"0":"post-121709","1":"product","2":"type-product","3":"status-publish","4":"has-post-thumbnail","6":"product_cat-saude-coletiva-en","8":"first","9":"instock","10":"shipping-taxable","11":"product-type-simple"},"_links":{"self":[{"href":"https:\/\/www.pimentacultural.com\/en\/wp-json\/wp\/v2\/product\/121709","targetHints":{"allow":["GET"]}}],"collection":[{"href":"https:\/\/www.pimentacultural.com\/en\/wp-json\/wp\/v2\/product"}],"about":[{"href":"https:\/\/www.pimentacultural.com\/en\/wp-json\/wp\/v2\/types\/product"}],"version-history":[{"count":0,"href":"https:\/\/www.pimentacultural.com\/en\/wp-json\/wp\/v2\/product\/121709\/revisions"}],"wp:featuredmedia":[{"embeddable":true,"href":"https:\/\/www.pimentacultural.com\/en\/wp-json\/wp\/v2\/media\/42411"}],"wp:attachment":[{"href":"https:\/\/www.pimentacultural.com\/en\/wp-json\/wp\/v2\/media?parent=121709"}],"wp:term":[{"taxonomy":"product_brand","embeddable":true,"href":"https:\/\/www.pimentacultural.com\/en\/wp-json\/wp\/v2\/product_brand?post=121709"},{"taxonomy":"product_cat","embeddable":true,"href":"https:\/\/www.pimentacultural.com\/en\/wp-json\/wp\/v2\/product_cat?post=121709"},{"taxonomy":"product_tag","embeddable":true,"href":"https:\/\/www.pimentacultural.com\/en\/wp-json\/wp\/v2\/product_tag?post=121709"}],"curies":[{"name":"wp","href":"https:\/\/api.w.org\/{rel}","templated":true}]}}