{"id":121700,"date":"2024-08-22T01:11:03","date_gmt":"2024-08-22T04:11:03","guid":{"rendered":"https:\/\/www.pimentacultural.com\/livro\/seminario-comunicacao\/"},"modified":"2024-08-22T01:11:03","modified_gmt":"2024-08-22T04:11:03","slug":"seminario-comunicacao","status":"publish","type":"product","link":"https:\/\/www.pimentacultural.com\/en\/livro\/seminario-comunicacao\/","title":{"rendered":"Anais 1\u00ba semin\u00e1rio direito, comunica\u00e7\u00e3o e cidadania: intersec\u00e7\u00f5es \u00e9tnico-raciais"},"content":{"rendered":"","protected":false},"excerpt":{"rendered":"","protected":false},"featured_media":42407,"template":"","meta":[],"product_brand":[],"product_cat":[816],"product_tag":[],"class_list":{"0":"post-121700","1":"product","2":"type-product","3":"status-publish","4":"has-post-thumbnail","6":"product_cat-comunicacao-en","8":"first","9":"instock","10":"shipping-taxable","11":"product-type-simple"},"_links":{"self":[{"href":"https:\/\/www.pimentacultural.com\/en\/wp-json\/wp\/v2\/product\/121700","targetHints":{"allow":["GET"]}}],"collection":[{"href":"https:\/\/www.pimentacultural.com\/en\/wp-json\/wp\/v2\/product"}],"about":[{"href":"https:\/\/www.pimentacultural.com\/en\/wp-json\/wp\/v2\/types\/product"}],"version-history":[{"count":0,"href":"https:\/\/www.pimentacultural.com\/en\/wp-json\/wp\/v2\/product\/121700\/revisions"}],"wp:featuredmedia":[{"embeddable":true,"href":"https:\/\/www.pimentacultural.com\/en\/wp-json\/wp\/v2\/media\/42407"}],"wp:attachment":[{"href":"https:\/\/www.pimentacultural.com\/en\/wp-json\/wp\/v2\/media?parent=121700"}],"wp:term":[{"taxonomy":"product_brand","embeddable":true,"href":"https:\/\/www.pimentacultural.com\/en\/wp-json\/wp\/v2\/product_brand?post=121700"},{"taxonomy":"product_cat","embeddable":true,"href":"https:\/\/www.pimentacultural.com\/en\/wp-json\/wp\/v2\/product_cat?post=121700"},{"taxonomy":"product_tag","embeddable":true,"href":"https:\/\/www.pimentacultural.com\/en\/wp-json\/wp\/v2\/product_tag?post=121700"}],"curies":[{"name":"wp","href":"https:\/\/api.w.org\/{rel}","templated":true}]}}