{"id":121694,"date":"2024-08-22T01:11:05","date_gmt":"2024-08-22T04:11:05","guid":{"rendered":"https:\/\/www.pimentacultural.com\/livro\/bullying-trote\/"},"modified":"2024-08-22T01:11:05","modified_gmt":"2024-08-22T04:11:05","slug":"bullying-trote","status":"publish","type":"product","link":"https:\/\/www.pimentacultural.com\/en\/livro\/bullying-trote\/","title":{"rendered":"Bullying e trote universit\u00e1rio: considera\u00e7\u00f5es dial\u00e9ticas sobre educa\u00e7\u00e3o e civiliza\u00e7\u00e3o na barb\u00e1rie"},"content":{"rendered":"","protected":false},"excerpt":{"rendered":"","protected":false},"featured_media":42277,"template":"","meta":[],"product_brand":[],"product_cat":[830],"product_tag":[],"class_list":{"0":"post-121694","1":"product","2":"type-product","3":"status-publish","4":"has-post-thumbnail","6":"product_cat-sociologia-en","8":"first","9":"instock","10":"shipping-taxable","11":"product-type-simple"},"_links":{"self":[{"href":"https:\/\/www.pimentacultural.com\/en\/wp-json\/wp\/v2\/product\/121694","targetHints":{"allow":["GET"]}}],"collection":[{"href":"https:\/\/www.pimentacultural.com\/en\/wp-json\/wp\/v2\/product"}],"about":[{"href":"https:\/\/www.pimentacultural.com\/en\/wp-json\/wp\/v2\/types\/product"}],"version-history":[{"count":0,"href":"https:\/\/www.pimentacultural.com\/en\/wp-json\/wp\/v2\/product\/121694\/revisions"}],"wp:featuredmedia":[{"embeddable":true,"href":"https:\/\/www.pimentacultural.com\/en\/wp-json\/wp\/v2\/media\/42277"}],"wp:attachment":[{"href":"https:\/\/www.pimentacultural.com\/en\/wp-json\/wp\/v2\/media?parent=121694"}],"wp:term":[{"taxonomy":"product_brand","embeddable":true,"href":"https:\/\/www.pimentacultural.com\/en\/wp-json\/wp\/v2\/product_brand?post=121694"},{"taxonomy":"product_cat","embeddable":true,"href":"https:\/\/www.pimentacultural.com\/en\/wp-json\/wp\/v2\/product_cat?post=121694"},{"taxonomy":"product_tag","embeddable":true,"href":"https:\/\/www.pimentacultural.com\/en\/wp-json\/wp\/v2\/product_tag?post=121694"}],"curies":[{"name":"wp","href":"https:\/\/api.w.org\/{rel}","templated":true}]}}