{"id":121685,"date":"2024-08-22T01:11:08","date_gmt":"2024-08-22T04:11:08","guid":{"rendered":"https:\/\/www.pimentacultural.com\/livro\/neurociencia-interdisciplinares\/"},"modified":"2024-08-22T01:11:08","modified_gmt":"2024-08-22T04:11:08","slug":"neurociencia-interdisciplinares","status":"publish","type":"product","link":"https:\/\/www.pimentacultural.com\/en\/livro\/neurociencia-interdisciplinares\/","title":{"rendered":"Neuroci\u00eancia: aplica\u00e7\u00f5es interdisciplinares da atualidade"},"content":{"rendered":"","protected":false},"excerpt":{"rendered":"","protected":false},"featured_media":42212,"template":"","meta":[],"product_brand":[],"product_cat":[846,830],"product_tag":[],"class_list":{"0":"post-121685","1":"product","2":"type-product","3":"status-publish","4":"has-post-thumbnail","6":"product_cat-engenharia-de-producao-en","7":"product_cat-sociologia-en","9":"first","10":"instock","11":"shipping-taxable","12":"product-type-simple"},"_links":{"self":[{"href":"https:\/\/www.pimentacultural.com\/en\/wp-json\/wp\/v2\/product\/121685","targetHints":{"allow":["GET"]}}],"collection":[{"href":"https:\/\/www.pimentacultural.com\/en\/wp-json\/wp\/v2\/product"}],"about":[{"href":"https:\/\/www.pimentacultural.com\/en\/wp-json\/wp\/v2\/types\/product"}],"version-history":[{"count":0,"href":"https:\/\/www.pimentacultural.com\/en\/wp-json\/wp\/v2\/product\/121685\/revisions"}],"wp:featuredmedia":[{"embeddable":true,"href":"https:\/\/www.pimentacultural.com\/en\/wp-json\/wp\/v2\/media\/42212"}],"wp:attachment":[{"href":"https:\/\/www.pimentacultural.com\/en\/wp-json\/wp\/v2\/media?parent=121685"}],"wp:term":[{"taxonomy":"product_brand","embeddable":true,"href":"https:\/\/www.pimentacultural.com\/en\/wp-json\/wp\/v2\/product_brand?post=121685"},{"taxonomy":"product_cat","embeddable":true,"href":"https:\/\/www.pimentacultural.com\/en\/wp-json\/wp\/v2\/product_cat?post=121685"},{"taxonomy":"product_tag","embeddable":true,"href":"https:\/\/www.pimentacultural.com\/en\/wp-json\/wp\/v2\/product_tag?post=121685"}],"curies":[{"name":"wp","href":"https:\/\/api.w.org\/{rel}","templated":true}]}}