{"id":121654,"date":"2024-08-22T01:11:22","date_gmt":"2024-08-22T04:11:22","guid":{"rendered":"https:\/\/www.pimentacultural.com\/livro\/hermeneutica-juridica\/"},"modified":"2024-08-22T01:11:22","modified_gmt":"2024-08-22T04:11:22","slug":"hermeneutica-juridica","status":"publish","type":"product","link":"https:\/\/www.pimentacultural.com\/en\/livro\/hermeneutica-juridica\/","title":{"rendered":"A hermen\u00eautica jur\u00eddica brasileira na contemporaneidade: temas cl\u00e1ssicos e emergentes"},"content":{"rendered":"","protected":false},"excerpt":{"rendered":"","protected":false},"featured_media":42160,"template":"","meta":[],"product_brand":[],"product_cat":[837],"product_tag":[],"class_list":{"0":"post-121654","1":"product","2":"type-product","3":"status-publish","4":"has-post-thumbnail","6":"product_cat-direito-en","8":"first","9":"instock","10":"shipping-taxable","11":"product-type-simple"},"_links":{"self":[{"href":"https:\/\/www.pimentacultural.com\/en\/wp-json\/wp\/v2\/product\/121654","targetHints":{"allow":["GET"]}}],"collection":[{"href":"https:\/\/www.pimentacultural.com\/en\/wp-json\/wp\/v2\/product"}],"about":[{"href":"https:\/\/www.pimentacultural.com\/en\/wp-json\/wp\/v2\/types\/product"}],"version-history":[{"count":0,"href":"https:\/\/www.pimentacultural.com\/en\/wp-json\/wp\/v2\/product\/121654\/revisions"}],"wp:featuredmedia":[{"embeddable":true,"href":"https:\/\/www.pimentacultural.com\/en\/wp-json\/wp\/v2\/media\/42160"}],"wp:attachment":[{"href":"https:\/\/www.pimentacultural.com\/en\/wp-json\/wp\/v2\/media?parent=121654"}],"wp:term":[{"taxonomy":"product_brand","embeddable":true,"href":"https:\/\/www.pimentacultural.com\/en\/wp-json\/wp\/v2\/product_brand?post=121654"},{"taxonomy":"product_cat","embeddable":true,"href":"https:\/\/www.pimentacultural.com\/en\/wp-json\/wp\/v2\/product_cat?post=121654"},{"taxonomy":"product_tag","embeddable":true,"href":"https:\/\/www.pimentacultural.com\/en\/wp-json\/wp\/v2\/product_tag?post=121654"}],"curies":[{"name":"wp","href":"https:\/\/api.w.org\/{rel}","templated":true}]}}