{"id":121650,"date":"2024-08-22T01:11:25","date_gmt":"2024-08-22T04:11:25","guid":{"rendered":"https:\/\/www.pimentacultural.com\/livro\/cenarios-contemporaneos-4\/"},"modified":"2024-08-22T01:11:25","modified_gmt":"2024-08-22T04:11:25","slug":"cenarios-contemporaneos-4","status":"publish","type":"product","link":"https:\/\/www.pimentacultural.com\/en\/livro\/cenarios-contemporaneos-4\/","title":{"rendered":"Cen\u00e1rios contempor\u00e2neos no \u00e2mbito da governan\u00e7a global: Estado, institui\u00e7\u00f5es e governan\u00e7a"},"content":{"rendered":"","protected":false},"excerpt":{"rendered":"","protected":false},"featured_media":42146,"template":"","meta":[],"product_brand":[],"product_cat":[817],"product_tag":[],"class_list":{"0":"post-121650","1":"product","2":"type-product","3":"status-publish","4":"has-post-thumbnail","6":"product_cat-educacao-en","8":"first","9":"instock","10":"shipping-taxable","11":"product-type-simple"},"_links":{"self":[{"href":"https:\/\/www.pimentacultural.com\/en\/wp-json\/wp\/v2\/product\/121650","targetHints":{"allow":["GET"]}}],"collection":[{"href":"https:\/\/www.pimentacultural.com\/en\/wp-json\/wp\/v2\/product"}],"about":[{"href":"https:\/\/www.pimentacultural.com\/en\/wp-json\/wp\/v2\/types\/product"}],"version-history":[{"count":0,"href":"https:\/\/www.pimentacultural.com\/en\/wp-json\/wp\/v2\/product\/121650\/revisions"}],"wp:featuredmedia":[{"embeddable":true,"href":"https:\/\/www.pimentacultural.com\/en\/wp-json\/wp\/v2\/media\/42146"}],"wp:attachment":[{"href":"https:\/\/www.pimentacultural.com\/en\/wp-json\/wp\/v2\/media?parent=121650"}],"wp:term":[{"taxonomy":"product_brand","embeddable":true,"href":"https:\/\/www.pimentacultural.com\/en\/wp-json\/wp\/v2\/product_brand?post=121650"},{"taxonomy":"product_cat","embeddable":true,"href":"https:\/\/www.pimentacultural.com\/en\/wp-json\/wp\/v2\/product_cat?post=121650"},{"taxonomy":"product_tag","embeddable":true,"href":"https:\/\/www.pimentacultural.com\/en\/wp-json\/wp\/v2\/product_tag?post=121650"}],"curies":[{"name":"wp","href":"https:\/\/api.w.org\/{rel}","templated":true}]}}