{"id":121625,"date":"2024-08-22T01:13:40","date_gmt":"2024-08-22T04:13:40","guid":{"rendered":"https:\/\/www.pimentacultural.com\/livro\/educacao-saude\/"},"modified":"2024-08-22T01:13:40","modified_gmt":"2024-08-22T04:13:40","slug":"educacao-saude","status":"publish","type":"product","link":"https:\/\/www.pimentacultural.com\/en\/livro\/educacao-saude\/","title":{"rendered":"Educa\u00e7\u00e3o em sa\u00fade mental: temas e contextos"},"content":{"rendered":"","protected":false},"excerpt":{"rendered":"","protected":false},"featured_media":42098,"template":"","meta":[],"product_brand":[],"product_cat":[833],"product_tag":[],"class_list":{"0":"post-121625","1":"product","2":"type-product","3":"status-publish","4":"has-post-thumbnail","6":"product_cat-psicologia-en","8":"first","9":"instock","10":"shipping-taxable","11":"product-type-simple"},"_links":{"self":[{"href":"https:\/\/www.pimentacultural.com\/en\/wp-json\/wp\/v2\/product\/121625","targetHints":{"allow":["GET"]}}],"collection":[{"href":"https:\/\/www.pimentacultural.com\/en\/wp-json\/wp\/v2\/product"}],"about":[{"href":"https:\/\/www.pimentacultural.com\/en\/wp-json\/wp\/v2\/types\/product"}],"version-history":[{"count":0,"href":"https:\/\/www.pimentacultural.com\/en\/wp-json\/wp\/v2\/product\/121625\/revisions"}],"wp:featuredmedia":[{"embeddable":true,"href":"https:\/\/www.pimentacultural.com\/en\/wp-json\/wp\/v2\/media\/42098"}],"wp:attachment":[{"href":"https:\/\/www.pimentacultural.com\/en\/wp-json\/wp\/v2\/media?parent=121625"}],"wp:term":[{"taxonomy":"product_brand","embeddable":true,"href":"https:\/\/www.pimentacultural.com\/en\/wp-json\/wp\/v2\/product_brand?post=121625"},{"taxonomy":"product_cat","embeddable":true,"href":"https:\/\/www.pimentacultural.com\/en\/wp-json\/wp\/v2\/product_cat?post=121625"},{"taxonomy":"product_tag","embeddable":true,"href":"https:\/\/www.pimentacultural.com\/en\/wp-json\/wp\/v2\/product_tag?post=121625"}],"curies":[{"name":"wp","href":"https:\/\/api.w.org\/{rel}","templated":true}]}}