{"id":121620,"date":"2024-08-22T01:13:41","date_gmt":"2024-08-22T04:13:41","guid":{"rendered":"https:\/\/www.pimentacultural.com\/livro\/praticas-gestao-3\/"},"modified":"2024-08-22T01:13:41","modified_gmt":"2024-08-22T04:13:41","slug":"praticas-gestao-3","status":"publish","type":"product","link":"https:\/\/www.pimentacultural.com\/en\/livro\/praticas-gestao-3\/","title":{"rendered":"Pr\u00e1ticas de gest\u00e3o da inova\u00e7\u00e3o &#8211; Volume 3"},"content":{"rendered":"","protected":false},"excerpt":{"rendered":"","protected":false},"featured_media":42090,"template":"","meta":[],"product_brand":[],"product_cat":[828],"product_tag":[],"class_list":{"0":"post-121620","1":"product","2":"type-product","3":"status-publish","4":"has-post-thumbnail","6":"product_cat-administracao-en","8":"first","9":"instock","10":"shipping-taxable","11":"product-type-simple"},"_links":{"self":[{"href":"https:\/\/www.pimentacultural.com\/en\/wp-json\/wp\/v2\/product\/121620","targetHints":{"allow":["GET"]}}],"collection":[{"href":"https:\/\/www.pimentacultural.com\/en\/wp-json\/wp\/v2\/product"}],"about":[{"href":"https:\/\/www.pimentacultural.com\/en\/wp-json\/wp\/v2\/types\/product"}],"version-history":[{"count":0,"href":"https:\/\/www.pimentacultural.com\/en\/wp-json\/wp\/v2\/product\/121620\/revisions"}],"wp:featuredmedia":[{"embeddable":true,"href":"https:\/\/www.pimentacultural.com\/en\/wp-json\/wp\/v2\/media\/42090"}],"wp:attachment":[{"href":"https:\/\/www.pimentacultural.com\/en\/wp-json\/wp\/v2\/media?parent=121620"}],"wp:term":[{"taxonomy":"product_brand","embeddable":true,"href":"https:\/\/www.pimentacultural.com\/en\/wp-json\/wp\/v2\/product_brand?post=121620"},{"taxonomy":"product_cat","embeddable":true,"href":"https:\/\/www.pimentacultural.com\/en\/wp-json\/wp\/v2\/product_cat?post=121620"},{"taxonomy":"product_tag","embeddable":true,"href":"https:\/\/www.pimentacultural.com\/en\/wp-json\/wp\/v2\/product_tag?post=121620"}],"curies":[{"name":"wp","href":"https:\/\/api.w.org\/{rel}","templated":true}]}}