{"id":121605,"date":"2024-08-22T01:13:48","date_gmt":"2024-08-22T04:13:48","guid":{"rendered":"https:\/\/www.pimentacultural.com\/livro\/africanidades-telas\/"},"modified":"2024-08-22T01:13:48","modified_gmt":"2024-08-22T04:13:48","slug":"africanidades-telas","status":"publish","type":"product","link":"https:\/\/www.pimentacultural.com\/en\/livro\/africanidades-telas\/","title":{"rendered":"Africanidades em telas de cinema: apropria\u00e7\u00f5es pedag\u00f3gicas de filmes e a promo\u00e7\u00e3o de educa\u00e7\u00e3o para as rela\u00e7\u00f5es \u00e9tnico-raciais"},"content":{"rendered":"","protected":false},"excerpt":{"rendered":"","protected":false},"featured_media":42060,"template":"","meta":[],"product_brand":[],"product_cat":[817],"product_tag":[],"class_list":{"0":"post-121605","1":"product","2":"type-product","3":"status-publish","4":"has-post-thumbnail","6":"product_cat-educacao-en","8":"first","9":"instock","10":"shipping-taxable","11":"product-type-simple"},"_links":{"self":[{"href":"https:\/\/www.pimentacultural.com\/en\/wp-json\/wp\/v2\/product\/121605","targetHints":{"allow":["GET"]}}],"collection":[{"href":"https:\/\/www.pimentacultural.com\/en\/wp-json\/wp\/v2\/product"}],"about":[{"href":"https:\/\/www.pimentacultural.com\/en\/wp-json\/wp\/v2\/types\/product"}],"version-history":[{"count":0,"href":"https:\/\/www.pimentacultural.com\/en\/wp-json\/wp\/v2\/product\/121605\/revisions"}],"wp:featuredmedia":[{"embeddable":true,"href":"https:\/\/www.pimentacultural.com\/en\/wp-json\/wp\/v2\/media\/42060"}],"wp:attachment":[{"href":"https:\/\/www.pimentacultural.com\/en\/wp-json\/wp\/v2\/media?parent=121605"}],"wp:term":[{"taxonomy":"product_brand","embeddable":true,"href":"https:\/\/www.pimentacultural.com\/en\/wp-json\/wp\/v2\/product_brand?post=121605"},{"taxonomy":"product_cat","embeddable":true,"href":"https:\/\/www.pimentacultural.com\/en\/wp-json\/wp\/v2\/product_cat?post=121605"},{"taxonomy":"product_tag","embeddable":true,"href":"https:\/\/www.pimentacultural.com\/en\/wp-json\/wp\/v2\/product_tag?post=121605"}],"curies":[{"name":"wp","href":"https:\/\/api.w.org\/{rel}","templated":true}]}}