{"id":121595,"date":"2024-08-22T01:13:52","date_gmt":"2024-08-22T04:13:52","guid":{"rendered":"https:\/\/www.pimentacultural.com\/livro\/criatividade-altas\/"},"modified":"2024-08-22T01:13:52","modified_gmt":"2024-08-22T04:13:52","slug":"criatividade-altas","status":"publish","type":"product","link":"https:\/\/www.pimentacultural.com\/en\/livro\/criatividade-altas\/","title":{"rendered":"Criatividade e educa\u00e7\u00e3o nas altas habilidades\/superdota\u00e7\u00e3o.  S\u00e9rie Tecido em Criatividade &#8211; Volume 5"},"content":{"rendered":"","protected":false},"excerpt":{"rendered":"","protected":false},"featured_media":42044,"template":"","meta":[],"product_brand":[],"product_cat":[817],"product_tag":[],"class_list":{"0":"post-121595","1":"product","2":"type-product","3":"status-publish","4":"has-post-thumbnail","6":"product_cat-educacao-en","8":"first","9":"instock","10":"shipping-taxable","11":"product-type-simple"},"_links":{"self":[{"href":"https:\/\/www.pimentacultural.com\/en\/wp-json\/wp\/v2\/product\/121595","targetHints":{"allow":["GET"]}}],"collection":[{"href":"https:\/\/www.pimentacultural.com\/en\/wp-json\/wp\/v2\/product"}],"about":[{"href":"https:\/\/www.pimentacultural.com\/en\/wp-json\/wp\/v2\/types\/product"}],"version-history":[{"count":0,"href":"https:\/\/www.pimentacultural.com\/en\/wp-json\/wp\/v2\/product\/121595\/revisions"}],"wp:featuredmedia":[{"embeddable":true,"href":"https:\/\/www.pimentacultural.com\/en\/wp-json\/wp\/v2\/media\/42044"}],"wp:attachment":[{"href":"https:\/\/www.pimentacultural.com\/en\/wp-json\/wp\/v2\/media?parent=121595"}],"wp:term":[{"taxonomy":"product_brand","embeddable":true,"href":"https:\/\/www.pimentacultural.com\/en\/wp-json\/wp\/v2\/product_brand?post=121595"},{"taxonomy":"product_cat","embeddable":true,"href":"https:\/\/www.pimentacultural.com\/en\/wp-json\/wp\/v2\/product_cat?post=121595"},{"taxonomy":"product_tag","embeddable":true,"href":"https:\/\/www.pimentacultural.com\/en\/wp-json\/wp\/v2\/product_tag?post=121595"}],"curies":[{"name":"wp","href":"https:\/\/api.w.org\/{rel}","templated":true}]}}