{"id":121588,"date":"2024-08-22T01:13:55","date_gmt":"2024-08-22T04:13:55","guid":{"rendered":"https:\/\/www.pimentacultural.com\/livro\/feminino-sociedade\/"},"modified":"2024-08-22T01:13:55","modified_gmt":"2024-08-22T04:13:55","slug":"feminino-sociedade","status":"publish","type":"product","link":"https:\/\/www.pimentacultural.com\/en\/livro\/feminino-sociedade\/","title":{"rendered":"Feminino, sociedade e sagrado: an\u00e1lise das personagens de A P\u00e9cora, de Nat\u00e1lia Correia, Auto Da Compadecida, de Ariano Suassuna e The Crucible, de Arthur Miller"},"content":{"rendered":"","protected":false},"excerpt":{"rendered":"","protected":false},"featured_media":42027,"template":"","meta":[],"product_brand":[],"product_cat":[825],"product_tag":[],"class_list":{"0":"post-121588","1":"product","2":"type-product","3":"status-publish","4":"has-post-thumbnail","6":"product_cat-letras-en","8":"first","9":"instock","10":"shipping-taxable","11":"product-type-simple"},"_links":{"self":[{"href":"https:\/\/www.pimentacultural.com\/en\/wp-json\/wp\/v2\/product\/121588","targetHints":{"allow":["GET"]}}],"collection":[{"href":"https:\/\/www.pimentacultural.com\/en\/wp-json\/wp\/v2\/product"}],"about":[{"href":"https:\/\/www.pimentacultural.com\/en\/wp-json\/wp\/v2\/types\/product"}],"version-history":[{"count":0,"href":"https:\/\/www.pimentacultural.com\/en\/wp-json\/wp\/v2\/product\/121588\/revisions"}],"wp:featuredmedia":[{"embeddable":true,"href":"https:\/\/www.pimentacultural.com\/en\/wp-json\/wp\/v2\/media\/42027"}],"wp:attachment":[{"href":"https:\/\/www.pimentacultural.com\/en\/wp-json\/wp\/v2\/media?parent=121588"}],"wp:term":[{"taxonomy":"product_brand","embeddable":true,"href":"https:\/\/www.pimentacultural.com\/en\/wp-json\/wp\/v2\/product_brand?post=121588"},{"taxonomy":"product_cat","embeddable":true,"href":"https:\/\/www.pimentacultural.com\/en\/wp-json\/wp\/v2\/product_cat?post=121588"},{"taxonomy":"product_tag","embeddable":true,"href":"https:\/\/www.pimentacultural.com\/en\/wp-json\/wp\/v2\/product_tag?post=121588"}],"curies":[{"name":"wp","href":"https:\/\/api.w.org\/{rel}","templated":true}]}}