{"id":121584,"date":"2024-08-22T01:13:57","date_gmt":"2024-08-22T04:13:57","guid":{"rendered":"https:\/\/www.pimentacultural.com\/livro\/relacoes-etnico-raciais\/"},"modified":"2024-08-22T01:13:57","modified_gmt":"2024-08-22T04:13:57","slug":"relacoes-etnico-raciais","status":"publish","type":"product","link":"https:\/\/www.pimentacultural.com\/en\/livro\/relacoes-etnico-raciais\/","title":{"rendered":"Rela\u00e7\u00f5es \u00e9tnico-raciais: das pol\u00edticas de a\u00e7\u00f5es afirmativas \u00e0s contribui\u00e7\u00f5es da interculturalidade para forma\u00e7\u00e3o docente"},"content":{"rendered":"","protected":false},"excerpt":{"rendered":"","protected":false},"featured_media":42020,"template":"","meta":[],"product_brand":[],"product_cat":[817],"product_tag":[],"class_list":{"0":"post-121584","1":"product","2":"type-product","3":"status-publish","4":"has-post-thumbnail","6":"product_cat-educacao-en","8":"first","9":"instock","10":"shipping-taxable","11":"product-type-simple"},"_links":{"self":[{"href":"https:\/\/www.pimentacultural.com\/en\/wp-json\/wp\/v2\/product\/121584","targetHints":{"allow":["GET"]}}],"collection":[{"href":"https:\/\/www.pimentacultural.com\/en\/wp-json\/wp\/v2\/product"}],"about":[{"href":"https:\/\/www.pimentacultural.com\/en\/wp-json\/wp\/v2\/types\/product"}],"version-history":[{"count":0,"href":"https:\/\/www.pimentacultural.com\/en\/wp-json\/wp\/v2\/product\/121584\/revisions"}],"wp:featuredmedia":[{"embeddable":true,"href":"https:\/\/www.pimentacultural.com\/en\/wp-json\/wp\/v2\/media\/42020"}],"wp:attachment":[{"href":"https:\/\/www.pimentacultural.com\/en\/wp-json\/wp\/v2\/media?parent=121584"}],"wp:term":[{"taxonomy":"product_brand","embeddable":true,"href":"https:\/\/www.pimentacultural.com\/en\/wp-json\/wp\/v2\/product_brand?post=121584"},{"taxonomy":"product_cat","embeddable":true,"href":"https:\/\/www.pimentacultural.com\/en\/wp-json\/wp\/v2\/product_cat?post=121584"},{"taxonomy":"product_tag","embeddable":true,"href":"https:\/\/www.pimentacultural.com\/en\/wp-json\/wp\/v2\/product_tag?post=121584"}],"curies":[{"name":"wp","href":"https:\/\/api.w.org\/{rel}","templated":true}]}}