{"id":121567,"date":"2024-08-22T01:14:04","date_gmt":"2024-08-22T04:14:04","guid":{"rendered":"https:\/\/www.pimentacultural.com\/livro\/inovacao-investigacao\/"},"modified":"2024-08-22T01:14:04","modified_gmt":"2024-08-22T04:14:04","slug":"inovacao-investigacao","status":"publish","type":"product","link":"https:\/\/www.pimentacultural.com\/en\/livro\/inovacao-investigacao\/","title":{"rendered":"Inova\u00e7\u00e3o Pedag\u00f3gica: investiga\u00e7\u00f5es te\u00f3rico-pr\u00e1ticas no contexto educacional"},"content":{"rendered":"","protected":false},"excerpt":{"rendered":"","protected":false},"featured_media":41875,"template":"","meta":[],"product_brand":[],"product_cat":[817],"product_tag":[],"class_list":{"0":"post-121567","1":"product","2":"type-product","3":"status-publish","4":"has-post-thumbnail","6":"product_cat-educacao-en","8":"first","9":"instock","10":"shipping-taxable","11":"product-type-simple"},"_links":{"self":[{"href":"https:\/\/www.pimentacultural.com\/en\/wp-json\/wp\/v2\/product\/121567","targetHints":{"allow":["GET"]}}],"collection":[{"href":"https:\/\/www.pimentacultural.com\/en\/wp-json\/wp\/v2\/product"}],"about":[{"href":"https:\/\/www.pimentacultural.com\/en\/wp-json\/wp\/v2\/types\/product"}],"version-history":[{"count":0,"href":"https:\/\/www.pimentacultural.com\/en\/wp-json\/wp\/v2\/product\/121567\/revisions"}],"wp:featuredmedia":[{"embeddable":true,"href":"https:\/\/www.pimentacultural.com\/en\/wp-json\/wp\/v2\/media\/41875"}],"wp:attachment":[{"href":"https:\/\/www.pimentacultural.com\/en\/wp-json\/wp\/v2\/media?parent=121567"}],"wp:term":[{"taxonomy":"product_brand","embeddable":true,"href":"https:\/\/www.pimentacultural.com\/en\/wp-json\/wp\/v2\/product_brand?post=121567"},{"taxonomy":"product_cat","embeddable":true,"href":"https:\/\/www.pimentacultural.com\/en\/wp-json\/wp\/v2\/product_cat?post=121567"},{"taxonomy":"product_tag","embeddable":true,"href":"https:\/\/www.pimentacultural.com\/en\/wp-json\/wp\/v2\/product_tag?post=121567"}],"curies":[{"name":"wp","href":"https:\/\/api.w.org\/{rel}","templated":true}]}}