{"id":121551,"date":"2024-08-22T01:14:12","date_gmt":"2024-08-22T04:14:12","guid":{"rendered":"https:\/\/www.pimentacultural.com\/livro\/historia-ciencias-sociais\/"},"modified":"2024-08-22T01:14:12","modified_gmt":"2024-08-22T04:14:12","slug":"historia-ciencias-sociais","status":"publish","type":"product","link":"https:\/\/www.pimentacultural.com\/en\/livro\/historia-ciencias-sociais\/","title":{"rendered":"Hist\u00f3ria das Ci\u00eancias Sociais. Int\u00e9rpretes e Interpreta\u00e7\u00f5es do Brasil Contempor\u00e2neo"},"content":{"rendered":"","protected":false},"excerpt":{"rendered":"","protected":false},"featured_media":41999,"template":"","meta":[],"product_brand":[],"product_cat":[830],"product_tag":[],"class_list":{"0":"post-121551","1":"product","2":"type-product","3":"status-publish","4":"has-post-thumbnail","6":"product_cat-sociologia-en","8":"first","9":"instock","10":"shipping-taxable","11":"product-type-simple"},"_links":{"self":[{"href":"https:\/\/www.pimentacultural.com\/en\/wp-json\/wp\/v2\/product\/121551","targetHints":{"allow":["GET"]}}],"collection":[{"href":"https:\/\/www.pimentacultural.com\/en\/wp-json\/wp\/v2\/product"}],"about":[{"href":"https:\/\/www.pimentacultural.com\/en\/wp-json\/wp\/v2\/types\/product"}],"version-history":[{"count":0,"href":"https:\/\/www.pimentacultural.com\/en\/wp-json\/wp\/v2\/product\/121551\/revisions"}],"wp:featuredmedia":[{"embeddable":true,"href":"https:\/\/www.pimentacultural.com\/en\/wp-json\/wp\/v2\/media\/41999"}],"wp:attachment":[{"href":"https:\/\/www.pimentacultural.com\/en\/wp-json\/wp\/v2\/media?parent=121551"}],"wp:term":[{"taxonomy":"product_brand","embeddable":true,"href":"https:\/\/www.pimentacultural.com\/en\/wp-json\/wp\/v2\/product_brand?post=121551"},{"taxonomy":"product_cat","embeddable":true,"href":"https:\/\/www.pimentacultural.com\/en\/wp-json\/wp\/v2\/product_cat?post=121551"},{"taxonomy":"product_tag","embeddable":true,"href":"https:\/\/www.pimentacultural.com\/en\/wp-json\/wp\/v2\/product_tag?post=121551"}],"curies":[{"name":"wp","href":"https:\/\/api.w.org\/{rel}","templated":true}]}}