{"id":121546,"date":"2024-08-22T01:14:14","date_gmt":"2024-08-22T04:14:14","guid":{"rendered":"https:\/\/www.pimentacultural.com\/livro\/religioes-modernidades\/"},"modified":"2024-08-22T01:14:14","modified_gmt":"2024-08-22T04:14:14","slug":"religioes-modernidades","status":"publish","type":"product","link":"https:\/\/www.pimentacultural.com\/en\/livro\/religioes-modernidades\/","title":{"rendered":"Religi\u00f5es e Modernidades: cristianismos, seculariza\u00e7\u00e3o e novas espiritualidades"},"content":{"rendered":"","protected":false},"excerpt":{"rendered":"","protected":false},"featured_media":41979,"template":"","meta":[],"product_brand":[],"product_cat":[827],"product_tag":[],"class_list":{"0":"post-121546","1":"product","2":"type-product","3":"status-publish","4":"has-post-thumbnail","6":"product_cat-historia-en","8":"first","9":"instock","10":"shipping-taxable","11":"product-type-simple"},"_links":{"self":[{"href":"https:\/\/www.pimentacultural.com\/en\/wp-json\/wp\/v2\/product\/121546","targetHints":{"allow":["GET"]}}],"collection":[{"href":"https:\/\/www.pimentacultural.com\/en\/wp-json\/wp\/v2\/product"}],"about":[{"href":"https:\/\/www.pimentacultural.com\/en\/wp-json\/wp\/v2\/types\/product"}],"version-history":[{"count":0,"href":"https:\/\/www.pimentacultural.com\/en\/wp-json\/wp\/v2\/product\/121546\/revisions"}],"wp:featuredmedia":[{"embeddable":true,"href":"https:\/\/www.pimentacultural.com\/en\/wp-json\/wp\/v2\/media\/41979"}],"wp:attachment":[{"href":"https:\/\/www.pimentacultural.com\/en\/wp-json\/wp\/v2\/media?parent=121546"}],"wp:term":[{"taxonomy":"product_brand","embeddable":true,"href":"https:\/\/www.pimentacultural.com\/en\/wp-json\/wp\/v2\/product_brand?post=121546"},{"taxonomy":"product_cat","embeddable":true,"href":"https:\/\/www.pimentacultural.com\/en\/wp-json\/wp\/v2\/product_cat?post=121546"},{"taxonomy":"product_tag","embeddable":true,"href":"https:\/\/www.pimentacultural.com\/en\/wp-json\/wp\/v2\/product_tag?post=121546"}],"curies":[{"name":"wp","href":"https:\/\/api.w.org\/{rel}","templated":true}]}}