{"id":121489,"date":"2024-08-22T01:14:48","date_gmt":"2024-08-22T04:14:48","guid":{"rendered":"https:\/\/www.pimentacultural.com\/livro\/historia-historiografia\/"},"modified":"2024-08-22T01:14:48","modified_gmt":"2024-08-22T04:14:48","slug":"historia-historiografia","status":"publish","type":"product","link":"https:\/\/www.pimentacultural.com\/en\/livro\/historia-historiografia\/","title":{"rendered":"Hist\u00f3ria e Historiografia da Educa\u00e7\u00e3o no Brasil: novos temas, novos conceitos, novas fontes"},"content":{"rendered":"","protected":false},"excerpt":{"rendered":"","protected":false},"featured_media":41837,"template":"","meta":[],"product_brand":[],"product_cat":[827],"product_tag":[],"class_list":{"0":"post-121489","1":"product","2":"type-product","3":"status-publish","4":"has-post-thumbnail","6":"product_cat-historia-en","8":"first","9":"instock","10":"shipping-taxable","11":"product-type-simple"},"_links":{"self":[{"href":"https:\/\/www.pimentacultural.com\/en\/wp-json\/wp\/v2\/product\/121489","targetHints":{"allow":["GET"]}}],"collection":[{"href":"https:\/\/www.pimentacultural.com\/en\/wp-json\/wp\/v2\/product"}],"about":[{"href":"https:\/\/www.pimentacultural.com\/en\/wp-json\/wp\/v2\/types\/product"}],"version-history":[{"count":0,"href":"https:\/\/www.pimentacultural.com\/en\/wp-json\/wp\/v2\/product\/121489\/revisions"}],"wp:featuredmedia":[{"embeddable":true,"href":"https:\/\/www.pimentacultural.com\/en\/wp-json\/wp\/v2\/media\/41837"}],"wp:attachment":[{"href":"https:\/\/www.pimentacultural.com\/en\/wp-json\/wp\/v2\/media?parent=121489"}],"wp:term":[{"taxonomy":"product_brand","embeddable":true,"href":"https:\/\/www.pimentacultural.com\/en\/wp-json\/wp\/v2\/product_brand?post=121489"},{"taxonomy":"product_cat","embeddable":true,"href":"https:\/\/www.pimentacultural.com\/en\/wp-json\/wp\/v2\/product_cat?post=121489"},{"taxonomy":"product_tag","embeddable":true,"href":"https:\/\/www.pimentacultural.com\/en\/wp-json\/wp\/v2\/product_tag?post=121489"}],"curies":[{"name":"wp","href":"https:\/\/api.w.org\/{rel}","templated":true}]}}