{"id":121485,"date":"2024-08-22T01:14:49","date_gmt":"2024-08-22T04:14:49","guid":{"rendered":"https:\/\/www.pimentacultural.com\/livro\/caderno-v-encontro\/"},"modified":"2024-08-22T01:14:49","modified_gmt":"2024-08-22T04:14:49","slug":"caderno-v-encontro","status":"publish","type":"product","link":"https:\/\/www.pimentacultural.com\/en\/livro\/caderno-v-encontro\/","title":{"rendered":"Cadernos do V Encontro de P\u00f3s-Graduandos em Estudos Lingu\u00edsticos e Liter\u00e1rios em Ingl\u00eas da Universidade de S\u00e3o Paulo"},"content":{"rendered":"","protected":false},"excerpt":{"rendered":"","protected":false},"featured_media":41831,"template":"","meta":[],"product_brand":[],"product_cat":[826],"product_tag":[],"class_list":{"0":"post-121485","1":"product","2":"type-product","3":"status-publish","4":"has-post-thumbnail","6":"product_cat-linguistica-en","8":"first","9":"instock","10":"shipping-taxable","11":"product-type-simple"},"_links":{"self":[{"href":"https:\/\/www.pimentacultural.com\/en\/wp-json\/wp\/v2\/product\/121485","targetHints":{"allow":["GET"]}}],"collection":[{"href":"https:\/\/www.pimentacultural.com\/en\/wp-json\/wp\/v2\/product"}],"about":[{"href":"https:\/\/www.pimentacultural.com\/en\/wp-json\/wp\/v2\/types\/product"}],"version-history":[{"count":0,"href":"https:\/\/www.pimentacultural.com\/en\/wp-json\/wp\/v2\/product\/121485\/revisions"}],"wp:featuredmedia":[{"embeddable":true,"href":"https:\/\/www.pimentacultural.com\/en\/wp-json\/wp\/v2\/media\/41831"}],"wp:attachment":[{"href":"https:\/\/www.pimentacultural.com\/en\/wp-json\/wp\/v2\/media?parent=121485"}],"wp:term":[{"taxonomy":"product_brand","embeddable":true,"href":"https:\/\/www.pimentacultural.com\/en\/wp-json\/wp\/v2\/product_brand?post=121485"},{"taxonomy":"product_cat","embeddable":true,"href":"https:\/\/www.pimentacultural.com\/en\/wp-json\/wp\/v2\/product_cat?post=121485"},{"taxonomy":"product_tag","embeddable":true,"href":"https:\/\/www.pimentacultural.com\/en\/wp-json\/wp\/v2\/product_tag?post=121485"}],"curies":[{"name":"wp","href":"https:\/\/api.w.org\/{rel}","templated":true}]}}