{"id":121477,"date":"2024-08-22T01:14:52","date_gmt":"2024-08-22T04:14:52","guid":{"rendered":"https:\/\/www.pimentacultural.com\/livro\/figuracao-experiencia\/"},"modified":"2024-08-22T01:14:52","modified_gmt":"2024-08-22T04:14:52","slug":"figuracao-experiencia","status":"publish","type":"product","link":"https:\/\/www.pimentacultural.com\/en\/livro\/figuracao-experiencia\/","title":{"rendered":"A figura\u00e7\u00e3o da experi\u00eancia hist\u00f3rica em Edgar Allan Poe"},"content":{"rendered":"","protected":false},"excerpt":{"rendered":"","protected":false},"featured_media":41817,"template":"","meta":[],"product_brand":[],"product_cat":[824,816],"product_tag":[],"class_list":{"0":"post-121477","1":"product","2":"type-product","3":"status-publish","4":"has-post-thumbnail","6":"product_cat-artes-en","7":"product_cat-comunicacao-en","9":"first","10":"instock","11":"shipping-taxable","12":"product-type-simple"},"_links":{"self":[{"href":"https:\/\/www.pimentacultural.com\/en\/wp-json\/wp\/v2\/product\/121477","targetHints":{"allow":["GET"]}}],"collection":[{"href":"https:\/\/www.pimentacultural.com\/en\/wp-json\/wp\/v2\/product"}],"about":[{"href":"https:\/\/www.pimentacultural.com\/en\/wp-json\/wp\/v2\/types\/product"}],"version-history":[{"count":0,"href":"https:\/\/www.pimentacultural.com\/en\/wp-json\/wp\/v2\/product\/121477\/revisions"}],"wp:featuredmedia":[{"embeddable":true,"href":"https:\/\/www.pimentacultural.com\/en\/wp-json\/wp\/v2\/media\/41817"}],"wp:attachment":[{"href":"https:\/\/www.pimentacultural.com\/en\/wp-json\/wp\/v2\/media?parent=121477"}],"wp:term":[{"taxonomy":"product_brand","embeddable":true,"href":"https:\/\/www.pimentacultural.com\/en\/wp-json\/wp\/v2\/product_brand?post=121477"},{"taxonomy":"product_cat","embeddable":true,"href":"https:\/\/www.pimentacultural.com\/en\/wp-json\/wp\/v2\/product_cat?post=121477"},{"taxonomy":"product_tag","embeddable":true,"href":"https:\/\/www.pimentacultural.com\/en\/wp-json\/wp\/v2\/product_tag?post=121477"}],"curies":[{"name":"wp","href":"https:\/\/api.w.org\/{rel}","templated":true}]}}