{"id":121457,"date":"2024-08-22T01:15:55","date_gmt":"2024-08-22T04:15:55","guid":{"rendered":"https:\/\/www.pimentacultural.com\/livro\/estudos-linguagem\/"},"modified":"2024-08-22T01:15:55","modified_gmt":"2024-08-22T04:15:55","slug":"estudos-linguagem","status":"publish","type":"product","link":"https:\/\/www.pimentacultural.com\/en\/livro\/estudos-linguagem\/","title":{"rendered":"Estudos da linguagem: lentes para a leitura do mundo p\u00f3s-pand\u00eamico. X SEPPEGEL \u2013 Semin\u00e1rio de Pesquisa do Programa de P\u00f3s-Gradua\u00e7\u00e3o em Estudos da Linguagem"},"content":{"rendered":"","protected":false},"excerpt":{"rendered":"","protected":false},"featured_media":41650,"template":"","meta":[],"product_brand":[],"product_cat":[826],"product_tag":[],"class_list":{"0":"post-121457","1":"product","2":"type-product","3":"status-publish","4":"has-post-thumbnail","6":"product_cat-linguistica-en","8":"first","9":"instock","10":"shipping-taxable","11":"product-type-simple"},"_links":{"self":[{"href":"https:\/\/www.pimentacultural.com\/en\/wp-json\/wp\/v2\/product\/121457","targetHints":{"allow":["GET"]}}],"collection":[{"href":"https:\/\/www.pimentacultural.com\/en\/wp-json\/wp\/v2\/product"}],"about":[{"href":"https:\/\/www.pimentacultural.com\/en\/wp-json\/wp\/v2\/types\/product"}],"version-history":[{"count":0,"href":"https:\/\/www.pimentacultural.com\/en\/wp-json\/wp\/v2\/product\/121457\/revisions"}],"wp:featuredmedia":[{"embeddable":true,"href":"https:\/\/www.pimentacultural.com\/en\/wp-json\/wp\/v2\/media\/41650"}],"wp:attachment":[{"href":"https:\/\/www.pimentacultural.com\/en\/wp-json\/wp\/v2\/media?parent=121457"}],"wp:term":[{"taxonomy":"product_brand","embeddable":true,"href":"https:\/\/www.pimentacultural.com\/en\/wp-json\/wp\/v2\/product_brand?post=121457"},{"taxonomy":"product_cat","embeddable":true,"href":"https:\/\/www.pimentacultural.com\/en\/wp-json\/wp\/v2\/product_cat?post=121457"},{"taxonomy":"product_tag","embeddable":true,"href":"https:\/\/www.pimentacultural.com\/en\/wp-json\/wp\/v2\/product_tag?post=121457"}],"curies":[{"name":"wp","href":"https:\/\/api.w.org\/{rel}","templated":true}]}}