{"id":121456,"date":"2024-08-22T01:15:57","date_gmt":"2024-08-22T04:15:57","guid":{"rendered":"https:\/\/www.pimentacultural.com\/livro\/praticas-criticas\/"},"modified":"2024-08-22T01:15:57","modified_gmt":"2024-08-22T04:15:57","slug":"praticas-criticas","status":"publish","type":"product","link":"https:\/\/www.pimentacultural.com\/en\/livro\/praticas-criticas\/","title":{"rendered":"Pr\u00e1ticas Cr\u00edticas em Psicologia Escolar e Educacional: experi\u00eancias vividas no ch\u00e3o da escola e suas complexidades"},"content":{"rendered":"","protected":false},"excerpt":{"rendered":"","protected":false},"featured_media":41644,"template":"","meta":[],"product_brand":[],"product_cat":[833],"product_tag":[],"class_list":{"0":"post-121456","1":"product","2":"type-product","3":"status-publish","4":"has-post-thumbnail","6":"product_cat-psicologia-en","8":"first","9":"instock","10":"shipping-taxable","11":"product-type-simple"},"_links":{"self":[{"href":"https:\/\/www.pimentacultural.com\/en\/wp-json\/wp\/v2\/product\/121456","targetHints":{"allow":["GET"]}}],"collection":[{"href":"https:\/\/www.pimentacultural.com\/en\/wp-json\/wp\/v2\/product"}],"about":[{"href":"https:\/\/www.pimentacultural.com\/en\/wp-json\/wp\/v2\/types\/product"}],"version-history":[{"count":0,"href":"https:\/\/www.pimentacultural.com\/en\/wp-json\/wp\/v2\/product\/121456\/revisions"}],"wp:featuredmedia":[{"embeddable":true,"href":"https:\/\/www.pimentacultural.com\/en\/wp-json\/wp\/v2\/media\/41644"}],"wp:attachment":[{"href":"https:\/\/www.pimentacultural.com\/en\/wp-json\/wp\/v2\/media?parent=121456"}],"wp:term":[{"taxonomy":"product_brand","embeddable":true,"href":"https:\/\/www.pimentacultural.com\/en\/wp-json\/wp\/v2\/product_brand?post=121456"},{"taxonomy":"product_cat","embeddable":true,"href":"https:\/\/www.pimentacultural.com\/en\/wp-json\/wp\/v2\/product_cat?post=121456"},{"taxonomy":"product_tag","embeddable":true,"href":"https:\/\/www.pimentacultural.com\/en\/wp-json\/wp\/v2\/product_tag?post=121456"}],"curies":[{"name":"wp","href":"https:\/\/api.w.org\/{rel}","templated":true}]}}