{"id":121455,"date":"2024-08-22T01:15:56","date_gmt":"2024-08-22T04:15:56","guid":{"rendered":"https:\/\/www.pimentacultural.com\/livro\/genero-sexualidade-formacao\/"},"modified":"2024-08-22T01:15:56","modified_gmt":"2024-08-22T04:15:56","slug":"genero-sexualidade-formacao","status":"publish","type":"product","link":"https:\/\/www.pimentacultural.com\/en\/livro\/genero-sexualidade-formacao\/","title":{"rendered":"G\u00eanero e sexualidade na forma\u00e7\u00e3o de professoras\/es: inquieta\u00e7\u00f5es convergentes"},"content":{"rendered":"","protected":false},"excerpt":{"rendered":"","protected":false},"featured_media":41646,"template":"","meta":[],"product_brand":[],"product_cat":[830],"product_tag":[],"class_list":{"0":"post-121455","1":"product","2":"type-product","3":"status-publish","4":"has-post-thumbnail","6":"product_cat-sociologia-en","8":"first","9":"instock","10":"shipping-taxable","11":"product-type-simple"},"_links":{"self":[{"href":"https:\/\/www.pimentacultural.com\/en\/wp-json\/wp\/v2\/product\/121455","targetHints":{"allow":["GET"]}}],"collection":[{"href":"https:\/\/www.pimentacultural.com\/en\/wp-json\/wp\/v2\/product"}],"about":[{"href":"https:\/\/www.pimentacultural.com\/en\/wp-json\/wp\/v2\/types\/product"}],"version-history":[{"count":0,"href":"https:\/\/www.pimentacultural.com\/en\/wp-json\/wp\/v2\/product\/121455\/revisions"}],"wp:featuredmedia":[{"embeddable":true,"href":"https:\/\/www.pimentacultural.com\/en\/wp-json\/wp\/v2\/media\/41646"}],"wp:attachment":[{"href":"https:\/\/www.pimentacultural.com\/en\/wp-json\/wp\/v2\/media?parent=121455"}],"wp:term":[{"taxonomy":"product_brand","embeddable":true,"href":"https:\/\/www.pimentacultural.com\/en\/wp-json\/wp\/v2\/product_brand?post=121455"},{"taxonomy":"product_cat","embeddable":true,"href":"https:\/\/www.pimentacultural.com\/en\/wp-json\/wp\/v2\/product_cat?post=121455"},{"taxonomy":"product_tag","embeddable":true,"href":"https:\/\/www.pimentacultural.com\/en\/wp-json\/wp\/v2\/product_tag?post=121455"}],"curies":[{"name":"wp","href":"https:\/\/api.w.org\/{rel}","templated":true}]}}