{"id":121443,"date":"2024-08-22T01:16:01","date_gmt":"2024-08-22T04:16:01","guid":{"rendered":"https:\/\/www.pimentacultural.com\/livro\/educacao-cientifica\/"},"modified":"2024-08-22T01:16:02","modified_gmt":"2024-08-22T04:16:02","slug":"educacao-cientifica","status":"publish","type":"product","link":"https:\/\/www.pimentacultural.com\/en\/livro\/educacao-cientifica\/","title":{"rendered":"Educa\u00e7\u00e3o cient\u00edfica decolonial: incluindo o imensur\u00e1vel, inef\u00e1vel, improv\u00e1vel"},"content":{"rendered":"","protected":false},"excerpt":{"rendered":"","protected":false},"featured_media":41625,"template":"","meta":[],"product_brand":[],"product_cat":[816,817,842,843],"product_tag":[],"class_list":{"0":"post-121443","1":"product","2":"type-product","3":"status-publish","4":"has-post-thumbnail","6":"product_cat-comunicacao-en","7":"product_cat-educacao-en","8":"product_cat-ensino-en","9":"product_cat-interdisciplinar-en","11":"first","12":"instock","13":"shipping-taxable","14":"product-type-simple"},"_links":{"self":[{"href":"https:\/\/www.pimentacultural.com\/en\/wp-json\/wp\/v2\/product\/121443","targetHints":{"allow":["GET"]}}],"collection":[{"href":"https:\/\/www.pimentacultural.com\/en\/wp-json\/wp\/v2\/product"}],"about":[{"href":"https:\/\/www.pimentacultural.com\/en\/wp-json\/wp\/v2\/types\/product"}],"version-history":[{"count":0,"href":"https:\/\/www.pimentacultural.com\/en\/wp-json\/wp\/v2\/product\/121443\/revisions"}],"wp:featuredmedia":[{"embeddable":true,"href":"https:\/\/www.pimentacultural.com\/en\/wp-json\/wp\/v2\/media\/41625"}],"wp:attachment":[{"href":"https:\/\/www.pimentacultural.com\/en\/wp-json\/wp\/v2\/media?parent=121443"}],"wp:term":[{"taxonomy":"product_brand","embeddable":true,"href":"https:\/\/www.pimentacultural.com\/en\/wp-json\/wp\/v2\/product_brand?post=121443"},{"taxonomy":"product_cat","embeddable":true,"href":"https:\/\/www.pimentacultural.com\/en\/wp-json\/wp\/v2\/product_cat?post=121443"},{"taxonomy":"product_tag","embeddable":true,"href":"https:\/\/www.pimentacultural.com\/en\/wp-json\/wp\/v2\/product_tag?post=121443"}],"curies":[{"name":"wp","href":"https:\/\/api.w.org\/{rel}","templated":true}]}}