{"id":121425,"date":"2024-08-22T01:15:50","date_gmt":"2024-08-22T04:15:50","guid":{"rendered":"https:\/\/www.pimentacultural.com\/livro\/terminologia-catalogacao\/"},"modified":"2024-08-22T01:15:50","modified_gmt":"2024-08-22T04:15:50","slug":"terminologia-catalogacao","status":"publish","type":"product","link":"https:\/\/www.pimentacultural.com\/en\/livro\/terminologia-catalogacao\/","title":{"rendered":"Terminologia e cataloga\u00e7\u00e3o vestu\u00e1rio: percursos interdisciplinares"},"content":{"rendered":"","protected":false},"excerpt":{"rendered":"","protected":false},"featured_media":41675,"template":"","meta":[],"product_brand":[],"product_cat":[840],"product_tag":[],"class_list":{"0":"post-121425","1":"product","2":"type-product","3":"status-publish","4":"has-post-thumbnail","6":"product_cat-desenho-industrial-en","8":"first","9":"instock","10":"shipping-taxable","11":"product-type-simple"},"_links":{"self":[{"href":"https:\/\/www.pimentacultural.com\/en\/wp-json\/wp\/v2\/product\/121425","targetHints":{"allow":["GET"]}}],"collection":[{"href":"https:\/\/www.pimentacultural.com\/en\/wp-json\/wp\/v2\/product"}],"about":[{"href":"https:\/\/www.pimentacultural.com\/en\/wp-json\/wp\/v2\/types\/product"}],"version-history":[{"count":0,"href":"https:\/\/www.pimentacultural.com\/en\/wp-json\/wp\/v2\/product\/121425\/revisions"}],"wp:featuredmedia":[{"embeddable":true,"href":"https:\/\/www.pimentacultural.com\/en\/wp-json\/wp\/v2\/media\/41675"}],"wp:attachment":[{"href":"https:\/\/www.pimentacultural.com\/en\/wp-json\/wp\/v2\/media?parent=121425"}],"wp:term":[{"taxonomy":"product_brand","embeddable":true,"href":"https:\/\/www.pimentacultural.com\/en\/wp-json\/wp\/v2\/product_brand?post=121425"},{"taxonomy":"product_cat","embeddable":true,"href":"https:\/\/www.pimentacultural.com\/en\/wp-json\/wp\/v2\/product_cat?post=121425"},{"taxonomy":"product_tag","embeddable":true,"href":"https:\/\/www.pimentacultural.com\/en\/wp-json\/wp\/v2\/product_tag?post=121425"}],"curies":[{"name":"wp","href":"https:\/\/api.w.org\/{rel}","templated":true}]}}