{"id":121422,"date":"2024-08-22T01:15:49","date_gmt":"2024-08-22T04:15:49","guid":{"rendered":"https:\/\/www.pimentacultural.com\/livro\/vida-continua\/"},"modified":"2024-08-22T01:15:49","modified_gmt":"2024-08-22T04:15:49","slug":"vida-continua","status":"publish","type":"product","link":"https:\/\/www.pimentacultural.com\/en\/livro\/vida-continua\/","title":{"rendered":"E a vida continua: vazios e esperan\u00e7as no Ensino de Ci\u00eancias e de Biologia &#8211; Colet\u00e2nea de trabalhos do V Encontro Regional de Ensino de Biologia da Regional 1 da SBEnBio"},"content":{"rendered":"","protected":false},"excerpt":{"rendered":"","protected":false},"featured_media":41681,"template":"","meta":[],"product_brand":[],"product_cat":[839],"product_tag":[],"class_list":{"0":"post-121422","1":"product","2":"type-product","3":"status-publish","4":"has-post-thumbnail","6":"product_cat-biologia-geral-en","8":"first","9":"instock","10":"shipping-taxable","11":"product-type-simple"},"_links":{"self":[{"href":"https:\/\/www.pimentacultural.com\/en\/wp-json\/wp\/v2\/product\/121422","targetHints":{"allow":["GET"]}}],"collection":[{"href":"https:\/\/www.pimentacultural.com\/en\/wp-json\/wp\/v2\/product"}],"about":[{"href":"https:\/\/www.pimentacultural.com\/en\/wp-json\/wp\/v2\/types\/product"}],"version-history":[{"count":0,"href":"https:\/\/www.pimentacultural.com\/en\/wp-json\/wp\/v2\/product\/121422\/revisions"}],"wp:featuredmedia":[{"embeddable":true,"href":"https:\/\/www.pimentacultural.com\/en\/wp-json\/wp\/v2\/media\/41681"}],"wp:attachment":[{"href":"https:\/\/www.pimentacultural.com\/en\/wp-json\/wp\/v2\/media?parent=121422"}],"wp:term":[{"taxonomy":"product_brand","embeddable":true,"href":"https:\/\/www.pimentacultural.com\/en\/wp-json\/wp\/v2\/product_brand?post=121422"},{"taxonomy":"product_cat","embeddable":true,"href":"https:\/\/www.pimentacultural.com\/en\/wp-json\/wp\/v2\/product_cat?post=121422"},{"taxonomy":"product_tag","embeddable":true,"href":"https:\/\/www.pimentacultural.com\/en\/wp-json\/wp\/v2\/product_tag?post=121422"}],"curies":[{"name":"wp","href":"https:\/\/api.w.org\/{rel}","templated":true}]}}