{"id":121419,"date":"2024-08-22T01:15:47","date_gmt":"2024-08-22T04:15:47","guid":{"rendered":"https:\/\/www.pimentacultural.com\/livro\/trafico-internacional\/"},"modified":"2024-08-22T01:15:47","modified_gmt":"2024-08-22T04:15:47","slug":"trafico-internacional","status":"publish","type":"product","link":"https:\/\/www.pimentacultural.com\/en\/livro\/trafico-internacional\/","title":{"rendered":"Tr\u00e1fico internacional de pessoas para explora\u00e7\u00e3o sexual? Uma an\u00e1lise de processos-crime (1995-2012)"},"content":{"rendered":"","protected":false},"excerpt":{"rendered":"","protected":false},"featured_media":41687,"template":"","meta":[],"product_brand":[],"product_cat":[830],"product_tag":[],"class_list":{"0":"post-121419","1":"product","2":"type-product","3":"status-publish","4":"has-post-thumbnail","6":"product_cat-sociologia-en","8":"first","9":"instock","10":"shipping-taxable","11":"product-type-simple"},"_links":{"self":[{"href":"https:\/\/www.pimentacultural.com\/en\/wp-json\/wp\/v2\/product\/121419","targetHints":{"allow":["GET"]}}],"collection":[{"href":"https:\/\/www.pimentacultural.com\/en\/wp-json\/wp\/v2\/product"}],"about":[{"href":"https:\/\/www.pimentacultural.com\/en\/wp-json\/wp\/v2\/types\/product"}],"version-history":[{"count":0,"href":"https:\/\/www.pimentacultural.com\/en\/wp-json\/wp\/v2\/product\/121419\/revisions"}],"wp:featuredmedia":[{"embeddable":true,"href":"https:\/\/www.pimentacultural.com\/en\/wp-json\/wp\/v2\/media\/41687"}],"wp:attachment":[{"href":"https:\/\/www.pimentacultural.com\/en\/wp-json\/wp\/v2\/media?parent=121419"}],"wp:term":[{"taxonomy":"product_brand","embeddable":true,"href":"https:\/\/www.pimentacultural.com\/en\/wp-json\/wp\/v2\/product_brand?post=121419"},{"taxonomy":"product_cat","embeddable":true,"href":"https:\/\/www.pimentacultural.com\/en\/wp-json\/wp\/v2\/product_cat?post=121419"},{"taxonomy":"product_tag","embeddable":true,"href":"https:\/\/www.pimentacultural.com\/en\/wp-json\/wp\/v2\/product_tag?post=121419"}],"curies":[{"name":"wp","href":"https:\/\/api.w.org\/{rel}","templated":true}]}}