{"id":121409,"date":"2024-08-22T01:15:16","date_gmt":"2024-08-22T04:15:16","guid":{"rendered":"https:\/\/www.pimentacultural.com\/livro\/danacao-nacao\/"},"modified":"2024-08-22T01:15:16","modified_gmt":"2024-08-22T04:15:16","slug":"danacao-nacao","status":"publish","type":"product","link":"https:\/\/www.pimentacultural.com\/en\/livro\/danacao-nacao\/","title":{"rendered":"Dana\u00e7\u00e3o da na\u00e7\u00e3o: legados coloniais e projetos nacionais (Portugal &amp; Brasil \/ Inglaterra &amp; Irlanda)"},"content":{"rendered":"","protected":false},"excerpt":{"rendered":"","protected":false},"featured_media":41707,"template":"","meta":[],"product_brand":[],"product_cat":[830],"product_tag":[],"class_list":{"0":"post-121409","1":"product","2":"type-product","3":"status-publish","4":"has-post-thumbnail","6":"product_cat-sociologia-en","8":"first","9":"instock","10":"shipping-taxable","11":"product-type-simple"},"_links":{"self":[{"href":"https:\/\/www.pimentacultural.com\/en\/wp-json\/wp\/v2\/product\/121409","targetHints":{"allow":["GET"]}}],"collection":[{"href":"https:\/\/www.pimentacultural.com\/en\/wp-json\/wp\/v2\/product"}],"about":[{"href":"https:\/\/www.pimentacultural.com\/en\/wp-json\/wp\/v2\/types\/product"}],"version-history":[{"count":0,"href":"https:\/\/www.pimentacultural.com\/en\/wp-json\/wp\/v2\/product\/121409\/revisions"}],"wp:featuredmedia":[{"embeddable":true,"href":"https:\/\/www.pimentacultural.com\/en\/wp-json\/wp\/v2\/media\/41707"}],"wp:attachment":[{"href":"https:\/\/www.pimentacultural.com\/en\/wp-json\/wp\/v2\/media?parent=121409"}],"wp:term":[{"taxonomy":"product_brand","embeddable":true,"href":"https:\/\/www.pimentacultural.com\/en\/wp-json\/wp\/v2\/product_brand?post=121409"},{"taxonomy":"product_cat","embeddable":true,"href":"https:\/\/www.pimentacultural.com\/en\/wp-json\/wp\/v2\/product_cat?post=121409"},{"taxonomy":"product_tag","embeddable":true,"href":"https:\/\/www.pimentacultural.com\/en\/wp-json\/wp\/v2\/product_tag?post=121409"}],"curies":[{"name":"wp","href":"https:\/\/api.w.org\/{rel}","templated":true}]}}