{"id":121407,"date":"2024-08-22T01:15:16","date_gmt":"2024-08-22T04:15:16","guid":{"rendered":"https:\/\/www.pimentacultural.com\/livro\/cartilha-sobre\/"},"modified":"2024-08-22T01:15:16","modified_gmt":"2024-08-22T04:15:16","slug":"cartilha-sobre","status":"publish","type":"product","link":"https:\/\/www.pimentacultural.com\/en\/livro\/cartilha-sobre\/","title":{"rendered":"Cartilha sobre racismo e sofrimento ps\u00edquico: uma discuss\u00e3o \u00e0 luz dos direitos humanos"},"content":{"rendered":"","protected":false},"excerpt":{"rendered":"","protected":false},"featured_media":41711,"template":"","meta":[],"product_brand":[],"product_cat":[830],"product_tag":[],"class_list":{"0":"post-121407","1":"product","2":"type-product","3":"status-publish","4":"has-post-thumbnail","6":"product_cat-sociologia-en","8":"first","9":"instock","10":"shipping-taxable","11":"product-type-simple"},"_links":{"self":[{"href":"https:\/\/www.pimentacultural.com\/en\/wp-json\/wp\/v2\/product\/121407","targetHints":{"allow":["GET"]}}],"collection":[{"href":"https:\/\/www.pimentacultural.com\/en\/wp-json\/wp\/v2\/product"}],"about":[{"href":"https:\/\/www.pimentacultural.com\/en\/wp-json\/wp\/v2\/types\/product"}],"version-history":[{"count":0,"href":"https:\/\/www.pimentacultural.com\/en\/wp-json\/wp\/v2\/product\/121407\/revisions"}],"wp:featuredmedia":[{"embeddable":true,"href":"https:\/\/www.pimentacultural.com\/en\/wp-json\/wp\/v2\/media\/41711"}],"wp:attachment":[{"href":"https:\/\/www.pimentacultural.com\/en\/wp-json\/wp\/v2\/media?parent=121407"}],"wp:term":[{"taxonomy":"product_brand","embeddable":true,"href":"https:\/\/www.pimentacultural.com\/en\/wp-json\/wp\/v2\/product_brand?post=121407"},{"taxonomy":"product_cat","embeddable":true,"href":"https:\/\/www.pimentacultural.com\/en\/wp-json\/wp\/v2\/product_cat?post=121407"},{"taxonomy":"product_tag","embeddable":true,"href":"https:\/\/www.pimentacultural.com\/en\/wp-json\/wp\/v2\/product_tag?post=121407"}],"curies":[{"name":"wp","href":"https:\/\/api.w.org\/{rel}","templated":true}]}}