{"id":121367,"date":"2024-08-22T01:16:10","date_gmt":"2024-08-22T04:16:10","guid":{"rendered":"https:\/\/www.pimentacultural.com\/livro\/construcao-riqueza\/"},"modified":"2024-08-22T01:16:10","modified_gmt":"2024-08-22T04:16:10","slug":"construcao-riqueza","status":"publish","type":"product","link":"https:\/\/www.pimentacultural.com\/en\/livro\/construcao-riqueza\/","title":{"rendered":"A Constru\u00e7\u00e3o da Riqueza no Sul de Goi\u00e1s, 1835-1910"},"content":{"rendered":"","protected":false},"excerpt":{"rendered":"","protected":false},"featured_media":41593,"template":"","meta":[],"product_brand":[],"product_cat":[834],"product_tag":[],"class_list":{"0":"post-121367","1":"product","2":"type-product","3":"status-publish","4":"has-post-thumbnail","6":"product_cat-turismo-en","8":"first","9":"instock","10":"shipping-taxable","11":"product-type-simple"},"_links":{"self":[{"href":"https:\/\/www.pimentacultural.com\/en\/wp-json\/wp\/v2\/product\/121367","targetHints":{"allow":["GET"]}}],"collection":[{"href":"https:\/\/www.pimentacultural.com\/en\/wp-json\/wp\/v2\/product"}],"about":[{"href":"https:\/\/www.pimentacultural.com\/en\/wp-json\/wp\/v2\/types\/product"}],"version-history":[{"count":0,"href":"https:\/\/www.pimentacultural.com\/en\/wp-json\/wp\/v2\/product\/121367\/revisions"}],"wp:featuredmedia":[{"embeddable":true,"href":"https:\/\/www.pimentacultural.com\/en\/wp-json\/wp\/v2\/media\/41593"}],"wp:attachment":[{"href":"https:\/\/www.pimentacultural.com\/en\/wp-json\/wp\/v2\/media?parent=121367"}],"wp:term":[{"taxonomy":"product_brand","embeddable":true,"href":"https:\/\/www.pimentacultural.com\/en\/wp-json\/wp\/v2\/product_brand?post=121367"},{"taxonomy":"product_cat","embeddable":true,"href":"https:\/\/www.pimentacultural.com\/en\/wp-json\/wp\/v2\/product_cat?post=121367"},{"taxonomy":"product_tag","embeddable":true,"href":"https:\/\/www.pimentacultural.com\/en\/wp-json\/wp\/v2\/product_tag?post=121367"}],"curies":[{"name":"wp","href":"https:\/\/api.w.org\/{rel}","templated":true}]}}