{"id":121357,"date":"2024-08-22T01:16:15","date_gmt":"2024-08-22T04:16:15","guid":{"rendered":"https:\/\/www.pimentacultural.com\/livro\/estrategias-ensino\/"},"modified":"2024-08-22T01:16:15","modified_gmt":"2024-08-22T04:16:15","slug":"estrategias-ensino","status":"publish","type":"product","link":"https:\/\/www.pimentacultural.com\/en\/livro\/estrategias-ensino\/","title":{"rendered":"As estrat\u00e9gias de ensino na educa\u00e7\u00e3o de jovens e adultos: estado do conhecimento em produtos educacionais desenvolvidos nos Mestrados Profissionais em ensino de Ci\u00eancias e Matem\u00e1tica (2015-2020)"},"content":{"rendered":"","protected":false},"excerpt":{"rendered":"","protected":false},"featured_media":41567,"template":"","meta":[],"product_brand":[],"product_cat":[817],"product_tag":[],"class_list":{"0":"post-121357","1":"product","2":"type-product","3":"status-publish","4":"has-post-thumbnail","6":"product_cat-educacao-en","8":"first","9":"instock","10":"shipping-taxable","11":"product-type-simple"},"_links":{"self":[{"href":"https:\/\/www.pimentacultural.com\/en\/wp-json\/wp\/v2\/product\/121357","targetHints":{"allow":["GET"]}}],"collection":[{"href":"https:\/\/www.pimentacultural.com\/en\/wp-json\/wp\/v2\/product"}],"about":[{"href":"https:\/\/www.pimentacultural.com\/en\/wp-json\/wp\/v2\/types\/product"}],"version-history":[{"count":0,"href":"https:\/\/www.pimentacultural.com\/en\/wp-json\/wp\/v2\/product\/121357\/revisions"}],"wp:featuredmedia":[{"embeddable":true,"href":"https:\/\/www.pimentacultural.com\/en\/wp-json\/wp\/v2\/media\/41567"}],"wp:attachment":[{"href":"https:\/\/www.pimentacultural.com\/en\/wp-json\/wp\/v2\/media?parent=121357"}],"wp:term":[{"taxonomy":"product_brand","embeddable":true,"href":"https:\/\/www.pimentacultural.com\/en\/wp-json\/wp\/v2\/product_brand?post=121357"},{"taxonomy":"product_cat","embeddable":true,"href":"https:\/\/www.pimentacultural.com\/en\/wp-json\/wp\/v2\/product_cat?post=121357"},{"taxonomy":"product_tag","embeddable":true,"href":"https:\/\/www.pimentacultural.com\/en\/wp-json\/wp\/v2\/product_tag?post=121357"}],"curies":[{"name":"wp","href":"https:\/\/api.w.org\/{rel}","templated":true}]}}