{"id":121335,"date":"2024-08-22T01:16:23","date_gmt":"2024-08-22T04:16:23","guid":{"rendered":"https:\/\/www.pimentacultural.com\/livro\/planejamento-gestao-educacional\/"},"modified":"2024-08-22T01:16:23","modified_gmt":"2024-08-22T04:16:23","slug":"planejamento-gestao-educacional","status":"publish","type":"product","link":"https:\/\/www.pimentacultural.com\/en\/livro\/planejamento-gestao-educacional\/","title":{"rendered":"Planejamento e gest\u00e3o educacional nos espa\u00e7os formais e n\u00e3o formais de educa\u00e7\u00e3o: relatos de experi\u00eancias e recortes de an\u00e1lise"},"content":{"rendered":"","protected":false},"excerpt":{"rendered":"","protected":false},"featured_media":41557,"template":"","meta":[],"product_brand":[],"product_cat":[817],"product_tag":[],"class_list":{"0":"post-121335","1":"product","2":"type-product","3":"status-publish","4":"has-post-thumbnail","6":"product_cat-educacao-en","8":"first","9":"instock","10":"shipping-taxable","11":"product-type-simple"},"_links":{"self":[{"href":"https:\/\/www.pimentacultural.com\/en\/wp-json\/wp\/v2\/product\/121335","targetHints":{"allow":["GET"]}}],"collection":[{"href":"https:\/\/www.pimentacultural.com\/en\/wp-json\/wp\/v2\/product"}],"about":[{"href":"https:\/\/www.pimentacultural.com\/en\/wp-json\/wp\/v2\/types\/product"}],"version-history":[{"count":0,"href":"https:\/\/www.pimentacultural.com\/en\/wp-json\/wp\/v2\/product\/121335\/revisions"}],"wp:featuredmedia":[{"embeddable":true,"href":"https:\/\/www.pimentacultural.com\/en\/wp-json\/wp\/v2\/media\/41557"}],"wp:attachment":[{"href":"https:\/\/www.pimentacultural.com\/en\/wp-json\/wp\/v2\/media?parent=121335"}],"wp:term":[{"taxonomy":"product_brand","embeddable":true,"href":"https:\/\/www.pimentacultural.com\/en\/wp-json\/wp\/v2\/product_brand?post=121335"},{"taxonomy":"product_cat","embeddable":true,"href":"https:\/\/www.pimentacultural.com\/en\/wp-json\/wp\/v2\/product_cat?post=121335"},{"taxonomy":"product_tag","embeddable":true,"href":"https:\/\/www.pimentacultural.com\/en\/wp-json\/wp\/v2\/product_tag?post=121335"}],"curies":[{"name":"wp","href":"https:\/\/api.w.org\/{rel}","templated":true}]}}