{"id":121324,"date":"2024-10-25T15:35:14","date_gmt":"2024-10-25T18:35:14","guid":{"rendered":"https:\/\/www.pimentacultural.com\/livro\/associativismo-brasileiro\/"},"modified":"2024-10-25T15:35:14","modified_gmt":"2024-10-25T18:35:14","slug":"associativismo-brasileiro","status":"publish","type":"product","link":"https:\/\/www.pimentacultural.com\/en\/livro\/associativismo-brasileiro\/","title":{"rendered":"Associativismo no Setor P\u00fablico Brasileiro: uma avalia\u00e7\u00e3o da associa\u00e7\u00e3o dos trabalhadores em educa\u00e7\u00e3o da Unirio"},"content":{"rendered":"","protected":false},"excerpt":{"rendered":"","protected":false},"featured_media":41526,"template":"","meta":[],"product_brand":[],"product_cat":[817,830],"product_tag":[],"class_list":{"0":"post-121324","1":"product","2":"type-product","3":"status-publish","4":"has-post-thumbnail","6":"product_cat-educacao-en","7":"product_cat-sociologia-en","9":"first","10":"instock","11":"shipping-taxable","12":"product-type-simple"},"_links":{"self":[{"href":"https:\/\/www.pimentacultural.com\/en\/wp-json\/wp\/v2\/product\/121324","targetHints":{"allow":["GET"]}}],"collection":[{"href":"https:\/\/www.pimentacultural.com\/en\/wp-json\/wp\/v2\/product"}],"about":[{"href":"https:\/\/www.pimentacultural.com\/en\/wp-json\/wp\/v2\/types\/product"}],"version-history":[{"count":0,"href":"https:\/\/www.pimentacultural.com\/en\/wp-json\/wp\/v2\/product\/121324\/revisions"}],"wp:featuredmedia":[{"embeddable":true,"href":"https:\/\/www.pimentacultural.com\/en\/wp-json\/wp\/v2\/media\/41526"}],"wp:attachment":[{"href":"https:\/\/www.pimentacultural.com\/en\/wp-json\/wp\/v2\/media?parent=121324"}],"wp:term":[{"taxonomy":"product_brand","embeddable":true,"href":"https:\/\/www.pimentacultural.com\/en\/wp-json\/wp\/v2\/product_brand?post=121324"},{"taxonomy":"product_cat","embeddable":true,"href":"https:\/\/www.pimentacultural.com\/en\/wp-json\/wp\/v2\/product_cat?post=121324"},{"taxonomy":"product_tag","embeddable":true,"href":"https:\/\/www.pimentacultural.com\/en\/wp-json\/wp\/v2\/product_tag?post=121324"}],"curies":[{"name":"wp","href":"https:\/\/api.w.org\/{rel}","templated":true}]}}